{"id":1222,"date":"2020-03-07T14:09:23","date_gmt":"2020-03-07T14:09:23","guid":{"rendered":"https:\/\/www.heroma.be\/?page_id=1222"},"modified":"2025-12-22T13:49:46","modified_gmt":"2025-12-22T13:49:46","slug":"man","status":"publish","type":"page","link":"https:\/\/www.heroma.be\/fr\/inrichtingen\/man\/","title":{"rendered":"MAN"},"content":{"rendered":"<div data-elementor-type=\"wp-page\" data-elementor-id=\"1222\" class=\"elementor elementor-1222\" data-elementor-post-type=\"page\">\n\t\t\t\t\t\t<section class=\"elementor-section elementor-top-section elementor-element elementor-element-30c31054 elementor-section-boxed elementor-section-height-default elementor-section-height-default\" data-id=\"30c31054\" data-element_type=\"section\" data-settings=\"{&quot;background_background&quot;:&quot;classic&quot;,&quot;shape_divider_bottom&quot;:&quot;book&quot;}\">\n\t\t\t\t\t<div class=\"elementor-shape elementor-shape-bottom\" aria-hidden=\"true\" data-negative=\"false\">\n\t\t\t<svg xmlns=\"http:\/\/www.w3.org\/2000\/svg\" viewbox=\"0 0 1000 100\" preserveaspectratio=\"none\">\n\t<path class=\"elementor-shape-fill\" d=\"M194,99c186.7,0.7,305-78.3,306-97.2c1,18.9,119.3,97.9,306,97.2c114.3-0.3,194,0.3,194,0.3s0-91.7,0-100c0,0,0,0,0-0 L0,0v99.3C0,99.3,79.7,98.7,194,99z\"\/>\n<\/svg>\t\t<\/div>\n\t\t\t\t\t<div class=\"elementor-container elementor-column-gap-default\">\n\t\t\t\t\t<div class=\"elementor-column elementor-col-100 elementor-top-column elementor-element elementor-element-719ad584\" data-id=\"719ad584\" data-element_type=\"column\">\n\t\t\t<div class=\"elementor-widget-wrap elementor-element-populated\">\n\t\t\t\t\t\t<div class=\"elementor-element elementor-element-1382fe03 elementor-widget elementor-widget-heading\" data-id=\"1382fe03\" data-element_type=\"widget\" data-widget_type=\"heading.default\">\n\t\t\t\t<div class=\"elementor-widget-container\">\n\t\t\t\t\t<h2 class=\"elementor-heading-title elementor-size-default\">MAN<\/h2>\t\t\t\t<\/div>\n\t\t\t\t<\/div>\n\t\t\t\t<div class=\"elementor-element elementor-element-156cc8df elementor-widget-divider--view-line elementor-widget elementor-widget-divider\" data-id=\"156cc8df\" data-element_type=\"widget\" data-widget_type=\"divider.default\">\n\t\t\t\t<div class=\"elementor-widget-container\">\n\t\t\t\t\t\t\t<div class=\"elementor-divider\">\n\t\t\t<span class=\"elementor-divider-separator\">\n\t\t\t\t\t\t<\/span>\n\t\t<\/div>\n\t\t\t\t\t\t<\/div>\n\t\t\t\t<\/div>\n\t\t\t\t\t<\/div>\n\t\t<\/div>\n\t\t\t\t\t<\/div>\n\t\t<\/section>\n\t\t\t\t<section class=\"elementor-section elementor-top-section elementor-element elementor-element-e5c7bcc elementor-section-boxed elementor-section-height-default elementor-section-height-default\" data-id=\"e5c7bcc\" data-element_type=\"section\">\n\t\t\t\t\t\t<div class=\"elementor-container elementor-column-gap-default\">\n\t\t\t\t\t<div class=\"elementor-column elementor-col-100 elementor-top-column elementor-element elementor-element-8cd7038\" data-id=\"8cd7038\" data-element_type=\"column\">\n\t\t\t<div class=\"elementor-widget-wrap elementor-element-populated\">\n\t\t\t\t\t\t<div class=\"elementor-element elementor-element-89dd879 elementor-widget elementor-widget-text-editor\" data-id=\"89dd879\" data-element_type=\"widget\" data-widget_type=\"text-editor.default\">\n\t\t\t\t<div class=\"elementor-widget-container\">\n\t\t\t\t\t\t\t\t\t<p>\t\t<div data-elementor-type=\"section\" data-elementor-id=\"2152\" class=\"elementor elementor-2152\" data-elementor-post-type=\"elementor_library\">\n\t\t\t\t\t<section class=\"elementor-section elementor-top-section elementor-element elementor-element-7605f4a elementor-section-boxed elementor-section-height-default elementor-section-height-default\" data-id=\"7605f4a\" data-element_type=\"section\">\n\t\t\t\t\t\t<div class=\"elementor-container elementor-column-gap-default\">\n\t\t\t\t\t<div class=\"elementor-column elementor-col-100 elementor-top-column elementor-element elementor-element-ad92587\" data-id=\"ad92587\" data-element_type=\"column\">\n\t\t\t<div class=\"elementor-widget-wrap elementor-element-populated\">\n\t\t\t\t\t\t<div class=\"elementor-element elementor-element-064010e elementor-widget elementor-widget-text-editor\" data-id=\"064010e\" data-element_type=\"widget\" data-widget_type=\"text-editor.default\">\n\t\t\t\t<div class=\"elementor-widget-container\">\n\t\t\t\t\t\t\t\t\t<p>Hier vindt u een overzicht van basisinrichtingen voor specifieke voertuigen. Andere voertuigen zijn uiteraard ook welkom!<\/p><p>Voor een volledig overzicht van combineerbare items, bekijk onze <a href=\"https:\/\/www.heroma.be\/fr\/producten\/\">producten\u00a0<\/a><\/p>\t\t\t\t\t\t\t\t<\/div>\n\t\t\t\t<\/div>\n\t\t\t\t\t<\/div>\n\t\t<\/div>\n\t\t\t\t\t<\/div>\n\t\t<\/section>\n\t\t\t\t<\/div>\n\t\t<\/p>\t\t\t\t\t\t\t\t<\/div>\n\t\t\t\t<\/div>\n\t\t\t\t\t<\/div>\n\t\t<\/div>\n\t\t\t\t\t<\/div>\n\t\t<\/section>\n\t\t\t\t<section class=\"elementor-section elementor-top-section elementor-element elementor-element-3bace70 elementor-section-boxed elementor-section-height-default elementor-section-height-default\" data-id=\"3bace70\" data-element_type=\"section\">\n\t\t\t\t\t\t<div class=\"elementor-container elementor-column-gap-default\">\n\t\t\t\t\t<div class=\"elementor-column elementor-col-100 elementor-top-column elementor-element elementor-element-28f50d2\" data-id=\"28f50d2\" data-element_type=\"column\">\n\t\t\t<div class=\"elementor-widget-wrap elementor-element-populated\">\n\t\t\t\t\t\t<div class=\"elementor-element elementor-element-3e04a51 elementor-widget elementor-widget-eael-adv-tabs\" data-id=\"3e04a51\" data-element_type=\"widget\" data-widget_type=\"eael-adv-tabs.default\">\n\t\t\t\t<div class=\"elementor-widget-container\">\n\t\t\t\t\t        <div data-scroll-on-click=\"no\" data-scroll-speed=\"300\" id=\"eael-advance-tabs-3e04a51\" class=\"eael-advance-tabs eael-tabs-horizontal eael-tab-auto-active  responsive-vertical-layout\" data-tabid=\"3e04a51\">\n            <div class=\"eael-tabs-nav\">\n                <ul class=\"\" role=\"tablist\">\n                                            <li id=\"t-g-e\" class=\"active-default eael-tab-item-trigger eael-tab-nav-item\" aria-selected=\"true\" data-tab=\"1\" role=\"tab\" tabindex=\"0\" aria-controls=\"t-g-e-tab\" aria-expanded=\"false\">\n                            \n                            \n                            \n                                                            <span class=\"eael-tab-title title-after-icon\" >T G E<\/span>                                                    <\/li>\n                    \n                                  <\/ul>\n            <\/div>\n            \n            <div class=\"eael-tabs-content\">\n\t\t        \n                    <div id=\"t-g-e-tab\" class=\"clearfix eael-tab-content-item active-default\" data-title-link=\"t-g-e-tab\">\n\t\t\t\t        <h3>\u00a0<\/h3><h3 style=\"text-align: center;\">COMING SOON<\/h3>                    <\/div>\n\t\t                    <\/div>\n        <\/div>\n\t\t\t\t<\/div>\n\t\t\t\t<\/div>\n\t\t\t\t\t<\/div>\n\t\t<\/div>\n\t\t\t\t\t<\/div>\n\t\t<\/section>\n\t\t\t\t<section class=\"elementor-section elementor-top-section elementor-element elementor-element-9efa071 elementor-section-boxed elementor-section-height-default elementor-section-height-default\" data-id=\"9efa071\" data-element_type=\"section\">\n\t\t\t\t\t\t<div class=\"elementor-container elementor-column-gap-default\">\n\t\t\t\t\t<div class=\"elementor-column elementor-col-100 elementor-top-column elementor-element elementor-element-c9c353a\" data-id=\"c9c353a\" data-element_type=\"column\">\n\t\t\t<div class=\"elementor-widget-wrap elementor-element-populated\">\n\t\t\t\t\t\t<div class=\"elementor-element elementor-element-9cf8fec elementor-widget-divider--separator-type-pattern elementor-widget-divider--view-line elementor-widget elementor-widget-divider\" data-id=\"9cf8fec\" data-element_type=\"widget\" data-widget_type=\"divider.default\">\n\t\t\t\t<div class=\"elementor-widget-container\">\n\t\t\t\t\t\t\t<div class=\"elementor-divider\" style=\"--divider-pattern-url: url(&quot;data:image\/svg+xml,%3Csvg xmlns=&#039;http:\/\/www.w3.org\/2000\/svg&#039; preserveAspectRatio=&#039;none&#039; overflow=&#039;visible&#039; height=&#039;100%&#039; viewBox=&#039;0 0 24 24&#039; fill=&#039;black&#039; stroke=&#039;none&#039;%3E%3Cpolygon points=&#039;9.4,2 24,2 14.6,21.6 0,21.6&#039;\/%3E%3C\/svg%3E&quot;);\">\n\t\t\t<span class=\"elementor-divider-separator\">\n\t\t\t\t\t\t<\/span>\n\t\t<\/div>\n\t\t\t\t\t\t<\/div>\n\t\t\t\t<\/div>\n\t\t\t\t\t<\/div>\n\t\t<\/div>\n\t\t\t\t\t<\/div>\n\t\t<\/section>\n\t\t\t\t<section class=\"elementor-section elementor-top-section elementor-element elementor-element-c349583 elementor-section-boxed elementor-section-height-default elementor-section-height-default\" data-id=\"c349583\" data-element_type=\"section\">\n\t\t\t\t\t\t<div class=\"elementor-container elementor-column-gap-default\">\n\t\t\t\t\t<div class=\"elementor-column elementor-col-100 elementor-top-column elementor-element elementor-element-3782ca4\" data-id=\"3782ca4\" data-element_type=\"column\">\n\t\t\t<div class=\"elementor-widget-wrap elementor-element-populated\">\n\t\t\t\t\t\t<div class=\"elementor-element elementor-element-4c89ad3 elementor-widget elementor-widget-text-editor\" data-id=\"4c89ad3\" data-element_type=\"widget\" data-widget_type=\"text-editor.default\">\n\t\t\t\t<div class=\"elementor-widget-container\">\n\t\t\t\t\t\t\t\t\t<p><strong>Belangrijk<\/strong>!<\/p><p>Alle prijzen zijn <strong>richtprijzen<\/strong><br \/>Met betrekking op de <strong>basisinrichting<\/strong><br \/>Inclusief voormontage<br \/>Exclusief montage in het voertuig<br \/>Exclusief BTW<\/p>\t\t\t\t\t\t\t\t<\/div>\n\t\t\t\t<\/div>\n\t\t\t\t\t<\/div>\n\t\t<\/div>\n\t\t\t\t\t<\/div>\n\t\t<\/section>\n\t\t\t\t<\/div>","protected":false},"excerpt":{"rendered":"<p>MAN T G E \u00a0 COMING SOON Belangrijk! Alle prijzen zijn richtprijzenMet betrekking op de basisinrichtingInclusief voormontageExclusief montage in het voertuigExclusief BTW<\/p>","protected":false},"author":3,"featured_media":0,"parent":81,"menu_order":0,"comment_status":"closed","ping_status":"closed","template":"","meta":{"_exactmetrics_skip_tracking":false,"_exactmetrics_sitenote_active":false,"_exactmetrics_sitenote_note":"","_exactmetrics_sitenote_category":0,"site-sidebar-layout":"no-sidebar","site-content-layout":"page-builder","ast-site-content-layout":"default","site-content-style":"default","site-sidebar-style":"default","ast-global-header-display":"","ast-banner-title-visibility":"","ast-main-header-display":"","ast-hfb-above-header-display":"","ast-hfb-below-header-display":"","ast-hfb-mobile-header-display":"","site-post-title":"disabled","ast-breadcrumbs-content":"","ast-featured-img":"disabled","footer-sml-layout":"","theme-transparent-header-meta":"disabled","adv-header-id-meta":"","stick-header-meta":"default","header-above-stick-meta":"","header-main-stick-meta":"","header-below-stick-meta":"","astra-migrate-meta-layouts":"default","ast-page-background-enabled":"default","ast-page-background-meta":{"desktop":{"background-color":"","background-image":"","background-repeat":"repeat","background-position":"center center","background-size":"auto","background-attachment":"scroll","background-type":"","background-media":"","overlay-type":"","overlay-color":"","overlay-opacity":"","overlay-gradient":""},"tablet":{"background-color":"","background-image":"","background-repeat":"repeat","background-position":"center center","background-size":"auto","background-attachment":"scroll","background-type":"","background-media":"","overlay-type":"","overlay-color":"","overlay-opacity":"","overlay-gradient":""},"mobile":{"background-color":"","background-image":"","background-repeat":"repeat","background-position":"center center","background-size":"auto","background-attachment":"scroll","background-type":"","background-media":"","overlay-type":"","overlay-color":"","overlay-opacity":"","overlay-gradient":""}},"ast-content-background-meta":{"desktop":{"background-color":"var(--ast-global-color-5)","background-image":"","background-repeat":"repeat","background-position":"center center","background-size":"auto","background-attachment":"scroll","background-type":"","background-media":"","overlay-type":"","overlay-color":"","overlay-opacity":"","overlay-gradient":""},"tablet":{"background-color":"var(--ast-global-color-5)","background-image":"","background-repeat":"repeat","background-position":"center center","background-size":"auto","background-attachment":"scroll","background-type":"","background-media":"","overlay-type":"","overlay-color":"","overlay-opacity":"","overlay-gradient":""},"mobile":{"background-color":"var(--ast-global-color-5)","background-image":"","background-repeat":"repeat","background-position":"center center","background-size":"auto","background-attachment":"scroll","background-type":"","background-media":"","overlay-type":"","overlay-color":"","overlay-opacity":"","overlay-gradient":""}},"footnotes":""},"class_list":["post-1222","page","type-page","status-publish","hentry"],"yoast_head":"<!-- This site is optimized with the Yoast SEO plugin v26.4 - https:\/\/yoast.com\/wordpress\/plugins\/seo\/ -->\n<title>MAN &#8211; HEROMA<\/title>\n<meta name=\"robots\" content=\"index, follow, max-snippet:-1, max-image-preview:large, max-video-preview:-1\" \/>\n<link rel=\"canonical\" href=\"https:\/\/www.heroma.be\/fr\/inrichtingen\/man\/\" \/>\n<meta property=\"og:locale\" content=\"fr_FR\" \/>\n<meta property=\"og:type\" content=\"article\" \/>\n<meta property=\"og:title\" content=\"MAN &#8211; HEROMA\" \/>\n<meta property=\"og:description\" content=\"MAN T G E \u00a0 COMING SOON Belangrijk! Alle prijzen zijn richtprijzenMet betrekking op de basisinrichtingInclusief voormontageExclusief montage in het voertuigExclusief BTW\" \/>\n<meta property=\"og:url\" content=\"https:\/\/www.heroma.be\/fr\/inrichtingen\/man\/\" \/>\n<meta property=\"og:site_name\" content=\"HEROMA\" \/>\n<meta property=\"article:publisher\" content=\"https:\/\/www.facebook.com\/bvbaheroma\" \/>\n<meta property=\"article:modified_time\" content=\"2025-12-22T13:49:46+00:00\" \/>\n<meta name=\"twitter:card\" content=\"summary_large_image\" \/>\n<meta name=\"twitter:label1\" content=\"Dur\u00e9e de lecture est.\" \/>\n\t<meta name=\"twitter:data1\" content=\"1 minute\" \/>\n<script type=\"application\/ld+json\" class=\"yoast-schema-graph\">{\"@context\":\"https:\/\/schema.org\",\"@graph\":[{\"@type\":\"WebPage\",\"@id\":\"https:\/\/www.heroma.be\/inrichtingen\/man\/\",\"url\":\"https:\/\/www.heroma.be\/inrichtingen\/man\/\",\"name\":\"MAN &#8211; HEROMA\",\"isPartOf\":{\"@id\":\"https:\/\/www.heroma.be\/#website\"},\"datePublished\":\"2020-03-07T14:09:23+00:00\",\"dateModified\":\"2025-12-22T13:49:46+00:00\",\"breadcrumb\":{\"@id\":\"https:\/\/www.heroma.be\/inrichtingen\/man\/#breadcrumb\"},\"inLanguage\":\"fr-BE\",\"potentialAction\":[{\"@type\":\"ReadAction\",\"target\":[\"https:\/\/www.heroma.be\/inrichtingen\/man\/\"]}]},{\"@type\":\"BreadcrumbList\",\"@id\":\"https:\/\/www.heroma.be\/inrichtingen\/man\/#breadcrumb\",\"itemListElement\":[{\"@type\":\"ListItem\",\"position\":1,\"name\":\"Home\",\"item\":\"https:\/\/www.heroma.be\/\"},{\"@type\":\"ListItem\",\"position\":2,\"name\":\"Inrichtingen\",\"item\":\"https:\/\/www.heroma.be\/inrichtingen\/\"},{\"@type\":\"ListItem\",\"position\":3,\"name\":\"MAN\"}]},{\"@type\":\"WebSite\",\"@id\":\"https:\/\/www.heroma.be\/#website\",\"url\":\"https:\/\/www.heroma.be\/\",\"name\":\"HEROMA\",\"description\":\"Inrichting op maat van uw bedrijfswagen\",\"publisher\":{\"@id\":\"https:\/\/www.heroma.be\/#organization\"},\"potentialAction\":[{\"@type\":\"SearchAction\",\"target\":{\"@type\":\"EntryPoint\",\"urlTemplate\":\"https:\/\/www.heroma.be\/?s={search_term_string}\"},\"query-input\":{\"@type\":\"PropertyValueSpecification\",\"valueRequired\":true,\"valueName\":\"search_term_string\"}}],\"inLanguage\":\"fr-BE\"},{\"@type\":\"Organization\",\"@id\":\"https:\/\/www.heroma.be\/#organization\",\"name\":\"HEROMA BVBA\",\"url\":\"https:\/\/www.heroma.be\/\",\"logo\":{\"@type\":\"ImageObject\",\"inLanguage\":\"fr-BE\",\"@id\":\"https:\/\/www.heroma.be\/#\/schema\/logo\/image\/\",\"url\":\"https:\/\/www.heroma.be\/wp-content\/uploads\/2020\/03\/Heroma-Logo.png\",\"contentUrl\":\"https:\/\/www.heroma.be\/wp-content\/uploads\/2020\/03\/Heroma-Logo.png\",\"width\":717,\"height\":260,\"caption\":\"HEROMA BVBA\"},\"image\":{\"@id\":\"https:\/\/www.heroma.be\/#\/schema\/logo\/image\/\"},\"sameAs\":[\"https:\/\/www.facebook.com\/bvbaheroma\",\"https:\/\/www.youtube.com\/channel\/UCqa9eMZ3LypUgSdGsG4lPsA\"]}]}<\/script>\n<!-- \/ Yoast SEO plugin. -->","yoast_head_json":{"title":"MAN &#8211; HEROMA","robots":{"index":"index","follow":"follow","max-snippet":"max-snippet:-1","max-image-preview":"max-image-preview:large","max-video-preview":"max-video-preview:-1"},"canonical":"https:\/\/www.heroma.be\/fr\/inrichtingen\/man\/","og_locale":"fr_FR","og_type":"article","og_title":"MAN &#8211; HEROMA","og_description":"MAN T G E \u00a0 COMING SOON Belangrijk! Alle prijzen zijn richtprijzenMet betrekking op de basisinrichtingInclusief voormontageExclusief montage in het voertuigExclusief BTW","og_url":"https:\/\/www.heroma.be\/fr\/inrichtingen\/man\/","og_site_name":"HEROMA","article_publisher":"https:\/\/www.facebook.com\/bvbaheroma","article_modified_time":"2025-12-22T13:49:46+00:00","twitter_card":"summary_large_image","twitter_misc":{"Dur\u00e9e de lecture est.":"1 minute"},"schema":{"@context":"https:\/\/schema.org","@graph":[{"@type":"WebPage","@id":"https:\/\/www.heroma.be\/inrichtingen\/man\/","url":"https:\/\/www.heroma.be\/inrichtingen\/man\/","name":"MAN &#8211; HEROMA","isPartOf":{"@id":"https:\/\/www.heroma.be\/#website"},"datePublished":"2020-03-07T14:09:23+00:00","dateModified":"2025-12-22T13:49:46+00:00","breadcrumb":{"@id":"https:\/\/www.heroma.be\/inrichtingen\/man\/#breadcrumb"},"inLanguage":"fr-BE","potentialAction":[{"@type":"ReadAction","target":["https:\/\/www.heroma.be\/inrichtingen\/man\/"]}]},{"@type":"BreadcrumbList","@id":"https:\/\/www.heroma.be\/inrichtingen\/man\/#breadcrumb","itemListElement":[{"@type":"ListItem","position":1,"name":"Home","item":"https:\/\/www.heroma.be\/"},{"@type":"ListItem","position":2,"name":"Inrichtingen","item":"https:\/\/www.heroma.be\/inrichtingen\/"},{"@type":"ListItem","position":3,"name":"MAN"}]},{"@type":"WebSite","@id":"https:\/\/www.heroma.be\/#website","url":"https:\/\/www.heroma.be\/","name":"HEROMA","description":"Am\u00e9nagement adapt\u00e9 \u00e0 votre v\u00e9hicule utilitaire","publisher":{"@id":"https:\/\/www.heroma.be\/#organization"},"potentialAction":[{"@type":"SearchAction","target":{"@type":"EntryPoint","urlTemplate":"https:\/\/www.heroma.be\/?s={search_term_string}"},"query-input":{"@type":"PropertyValueSpecification","valueRequired":true,"valueName":"search_term_string"}}],"inLanguage":"fr-BE"},{"@type":"Organization","@id":"https:\/\/www.heroma.be\/#organization","name":"HEROMA BVBA","url":"https:\/\/www.heroma.be\/","logo":{"@type":"ImageObject","inLanguage":"fr-BE","@id":"https:\/\/www.heroma.be\/#\/schema\/logo\/image\/","url":"https:\/\/www.heroma.be\/wp-content\/uploads\/2020\/03\/Heroma-Logo.png","contentUrl":"https:\/\/www.heroma.be\/wp-content\/uploads\/2020\/03\/Heroma-Logo.png","width":717,"height":260,"caption":"HEROMA BVBA"},"image":{"@id":"https:\/\/www.heroma.be\/#\/schema\/logo\/image\/"},"sameAs":["https:\/\/www.facebook.com\/bvbaheroma","https:\/\/www.youtube.com\/channel\/UCqa9eMZ3LypUgSdGsG4lPsA"]}]}},"_links":{"self":[{"href":"https:\/\/www.heroma.be\/fr\/wp-json\/wp\/v2\/pages\/1222","targetHints":{"allow":["GET"]}}],"collection":[{"href":"https:\/\/www.heroma.be\/fr\/wp-json\/wp\/v2\/pages"}],"about":[{"href":"https:\/\/www.heroma.be\/fr\/wp-json\/wp\/v2\/types\/page"}],"author":[{"embeddable":true,"href":"https:\/\/www.heroma.be\/fr\/wp-json\/wp\/v2\/users\/3"}],"replies":[{"embeddable":true,"href":"https:\/\/www.heroma.be\/fr\/wp-json\/wp\/v2\/comments?post=1222"}],"version-history":[{"count":6,"href":"https:\/\/www.heroma.be\/fr\/wp-json\/wp\/v2\/pages\/1222\/revisions"}],"predecessor-version":[{"id":2169,"href":"https:\/\/www.heroma.be\/fr\/wp-json\/wp\/v2\/pages\/1222\/revisions\/2169"}],"up":[{"embeddable":true,"href":"https:\/\/www.heroma.be\/fr\/wp-json\/wp\/v2\/pages\/81"}],"wp:attachment":[{"href":"https:\/\/www.heroma.be\/fr\/wp-json\/wp\/v2\/media?parent=1222"}],"curies":[{"name":"wp","href":"https:\/\/api.w.org\/{rel}","templated":true}]}}