{"id":1527,"date":"2021-03-05T10:04:24","date_gmt":"2021-03-05T10:04:24","guid":{"rendered":"https:\/\/www.heroma.be\/?page_id=1527"},"modified":"2021-03-05T10:39:42","modified_gmt":"2021-03-05T10:39:42","slug":"privacybeleid","status":"publish","type":"page","link":"https:\/\/www.heroma.be\/fr\/privacybeleid\/","title":{"rendered":"Privacybeleid"},"content":{"rendered":"<div data-elementor-type=\"wp-page\" data-elementor-id=\"1527\" class=\"elementor elementor-1527\" data-elementor-post-type=\"page\">\n\t\t\t\t\t\t<section class=\"elementor-section elementor-top-section elementor-element elementor-element-71d7b213 elementor-section-boxed elementor-section-height-default elementor-section-height-default\" data-id=\"71d7b213\" data-element_type=\"section\">\n\t\t\t\t\t\t<div class=\"elementor-container elementor-column-gap-default\">\n\t\t\t\t\t<div class=\"elementor-column elementor-col-100 elementor-top-column elementor-element elementor-element-11556056\" data-id=\"11556056\" data-element_type=\"column\">\n\t\t\t<div class=\"elementor-widget-wrap elementor-element-populated\">\n\t\t\t\t\t\t\t<\/div>\n\t\t<\/div>\n\t\t\t\t\t<\/div>\n\t\t<\/section>\n\t\t\t\t<section class=\"elementor-section elementor-top-section elementor-element elementor-element-98745e2 elementor-section-boxed elementor-section-height-default elementor-section-height-default\" data-id=\"98745e2\" data-element_type=\"section\">\n\t\t\t\t\t\t<div class=\"elementor-container elementor-column-gap-default\">\n\t\t\t\t\t<div class=\"elementor-column elementor-col-100 elementor-top-column elementor-element elementor-element-08f1a85\" data-id=\"08f1a85\" data-element_type=\"column\">\n\t\t\t<div class=\"elementor-widget-wrap elementor-element-populated\">\n\t\t\t\t\t\t<div class=\"elementor-element elementor-element-4b591db elementor-widget elementor-widget-text-editor\" data-id=\"4b591db\" data-element_type=\"widget\" data-widget_type=\"text-editor.default\">\n\t\t\t\t<div class=\"elementor-widget-container\">\n\t\t\t\t\t\t\t\t\t<p><b>Terminologie<\/b><\/p>\n<p>Politique de confidentialit\u00e9, politique de protection de la vie priv\u00e9e, politique de respect de la vie priv\u00e9e : document dans lequel sont d\u00e9crites les proc\u00e9dures, r\u00e8gles et activit\u00e9s en mati\u00e8re de protection des informations d\u2019une entreprise.<\/p>\n<p>Fuite de donn\u00e9es : L\u2019acc\u00e8s \u00e0 des donn\u00e9es personnelles, leur modification, leur destruction, leur traitement ou leur publication de mani\u00e8re illicite.<\/p>\n<p>R\u00e9glementation RGPD : \u00ab General Data Protection Regulation \u00bb ou R\u00e8glement g\u00e9n\u00e9ral sur la protection des donn\u00e9es : les nouvelles r\u00e8gles europ\u00e9ennes en mati\u00e8re de protection de la vie priv\u00e9e. Entr\u00e9e en vigueur effective le 25 mai 2018.<\/p>\n<p>Cookies : Les cookies sont de petites s\u00e9quences d'informations qu\u2019un serveur Web envoie vers un navigateur afin que ces informations soient renvoy\u00e9es au serveur lors d\u2019une visite ult\u00e9rieure.<\/p>\n<p>Adresse IP : Une adresse IP (Internet Protocol) est, dans un r\u00e9seau informatique, une adresse avec laquelle une carte r\u00e9seau d\u2019un h\u00f4te du r\u00e9seau peut \u00eatre identifi\u00e9e de mani\u00e8re unique dans le mod\u00e8le TCP\/IP, le standard de l\u2019Internet. Il s\u2019agit de votre empreinte num\u00e9rique.<\/p>\n<p><b>Garantie de protection de la vie priv\u00e9e<\/b><\/p>\n<p>Pour nous, garantir la protection de la vie priv\u00e9e des visiteurs du site www.heroma.be est une mission importante. En lisant notre politique de confidentialit\u00e9, vous saurez quelles sont les informations que nous r\u00e9coltons pendant votre visite, comment nous les utilisons et comment nous s\u00e9curisons ces donn\u00e9es captur\u00e9es. Nous nous sommes efforc\u00e9s de simplifier au maximum cette politique et vous conseillons de prendre le temps de la lire attentivement. Notre politique de confidentialit\u00e9 est parfaitement conforme \u00e0 la nouvelle r\u00e9glementation RGPD.<\/p>\n<p><b>Autorisation<\/b><\/p>\n<p>En utilisant les informations et les services du site www.heroma.be, vous marquez votre accord avec notre politique de confidentialit\u00e9 et les conditions qui y sont reprises<\/p>\n<p><b>Questions<\/b><\/p>\n<p>Als u meer informatie wilt ontvangen, of vragen hebt over de privacy policy van www.heroma.be en specifiek Heroma BV, kunt u ons benaderen via e-mail op info@www.heroma.be.<\/p>\n<p><b>Pourquoi dois-je lire cette politique de confidentialit\u00e9 ?<\/b><\/p>\n<p>Heroma BV vindt het belangrijk dat u op iedere plaats en elk ogenblik haar diensten kan gebruiken om content te bekijken, te beluisteren, te lezen of te beleven. Om dit te kunnen willen we bepaalde persoonlijke gegevens verzamelen en gebruiken. Heroma BV vindt daarbij de bescherming van uw privacy en persoonlijke gegevens belangrijk. Daarom willen we u via dit privacy beleid zo transparant mogelijk uitleggen welke persoonlijke gegevens we van u kunnen verzamelen, waarom we deze willen verzamelen, hoe we deze willen gebruiken, en hoe we hiermee willen omgaan.<\/p>\n<p><b>Suivi du comportement du visiteur<\/b><\/p>\n<p>Le site www.heroma.be utilise plusieurs techniques pour savoir qui visite le site, comment ce visiteur se comporte sur le site Web et quelles sont les pages consult\u00e9es ou non. Il s\u2019agit de la m\u00e9thode de travail habituelle des sites Web, \u00e9tant donn\u00e9 qu\u2019ils fournissent des informations qui contribuent \u00e0 la qualit\u00e9 de l\u2019exp\u00e9rience utilisateur. Les informations que nous enregistrons par le biais de cookies (voir 5-Cookies) sont notamment constitu\u00e9es par les adresses IP, le type de navigateur utilis\u00e9 et les pages consult\u00e9es. Par ailleurs, nous suivons \u00e9galement, gr\u00e2ce aux tags UTM, l\u2019endroit o\u00f9 les visiteurs visitent le site la premi\u00e8re fois et \u00e0 partir de quelle page ils partent. Ces informations sont trait\u00e9es de mani\u00e8re anonyme et ne sont pas associ\u00e9es \u00e0 d\u2019autres informations personnelles.<\/p>\n<p><b>Utilisation de cookies<\/b><\/p>\n<p>Le site www.heroma.be place des cookies chez les visiteurs. Ce faisant, nous r\u00e9coltons des informations sur les pages consult\u00e9es par les visiteurs de notre site Web, nous suivons la fr\u00e9quence de consultation du site par les visiteurs, ainsi que les pages les plus consult\u00e9es. Nous enregistrons \u00e9galement les informations communiqu\u00e9es par le navigateur.<\/p>\n<p><b>D\u00e9sactivation des cookies<\/b><\/p>\n<p>Vous pouvez d\u00e9sactiver les cookies. Vous trouverez cette option dans les param\u00e8tres de votre navigateur. Vous pourrez \u00e9galement obtenir d\u2019autres informations sur ces possibilit\u00e9s sur le site Web du prestataire de votre navigateur.<\/p>\n<p><b>Autorisation<\/b><\/p>\n<p>En utilisant les informations et les services du site www.heroma.be, vous marquez votre accord avec notre politique de confidentialit\u00e9 et les conditions qui y sont reprises<\/p>\n<p><b>Cookies de tierces parties<\/b><\/p>\n<p>Il se peut que de tierces parties, comme Google ou Facebook, placent des annonces sur notre site Web ou que nous utilisions un autre service. Pour ce faire, ces tierces parties placent des cookies dans certains cas. Le site www.heroma.be n\u2019a aucun pouvoir sur ces cookies.<\/p>\n<p><b>Lettre d\u2019information<\/b><\/p>\n<p>Lorsque vous vous inscrivez \u00e0 notre lettre d\u2019information, vous communiquez votre nom, le nom de l\u2019entreprise et votre adresse e-mail. Les donn\u00e9es fournies sont exclusivement utilis\u00e9es pour vous envoyer notre lettre d\u2019information. Ces donn\u00e9es ne sont pas utilis\u00e9es \u00e0 d\u2019autres fins, ni communiqu\u00e9es \u00e0 des tiers. Vous avez la possibilit\u00e9 de vous d\u00e9sinscrire au bas de chaque lettre d\u2019information.<\/p>\n<p><b>Commandes<\/b><\/p>\n<p>Wanneer u online een bestelling doet, geeft u uw naam, bedrijfsnaam en e-mailadres op. De verstrekte gegevens worden opgeslagen in onze beveiligde databank in de Cloud en worden gebruikt voor de dagdagelijkse werking (orderbevestiging, planning\u2026 ) van Heroma BV maar worden nooit met derden gedeeld.&nbsp;<\/p>\n<p><b>Notation de cr\u00e9dit&nbsp;<\/b><\/p>\n<p>Wanneer Heroma BV vooruitbetalingen heeft gedaan of vooraf diensten heeft geleverd, bvb. in het geval van een \u2018betaling via overschrijving\u2019, behoudt Heroma BV zich het recht voor om, in het kader van de bescherming van haar rechtmatige belangen, een verklaring van kredietwaardigheid op te vragen. In het kader hiervan zendt Heroma BV de persoonlijke gegevens noodzakelijk voor een kredietbeoordeling door aan deze instanties. Op basis van de kredietbeoordeling maakt Heroma BV een weloverwogen beslissing in het al dan niet toekennen van betalingsmogelijkheden. De kredietbeoordeling kan waarschijnlijkheidswaarden (scores) inhouden die berekend worden op basis van wetenschappelijk aanvaarde wiskundige en statistische processen. Bij deze berekeningen kan er o.a. gebruik gemaakt worden van adresdetails. Belangen van de klant die beschermd dienen te worden, zullen behandeld worden conform de geldende wettelijke bepalingen. De klant heeft het recht om de kredietbeoordeling in te trekken met effect naar de toekomst toe. Deze intrekking kan ertoe leiden dat Heroma BV bepaalde betaalmogelijkheden niet kan toekennen.<\/p>\n<p><b>Protection des donn\u00e9es<\/b><\/p>\n<p>Les informations personnelles recueillies par www.heroma.be sont enregistr\u00e9es dans un environnement s\u00e9curis\u00e9 inaccessible au public. Dans le cas improbable d\u2019une \u00ab fuite de donn\u00e9es \u00bb, celle-ci sera toujours communiqu\u00e9e dans les 72 heures conform\u00e9ment \u00e0 la loi relative \u00e0 l\u2019obligation de notification.<\/p>\n<p><b>Droit \u00e0 l\u2019oubli<\/b><\/p>\n<p>Vous pouvez invoquer votre \u00ab droit \u00e0 l\u2019oubli \u00bb. Toutes vos donn\u00e9es personnelles (adresse e-mail, nom, t\u00e9l\u00e9phone, etc.) seront alors supprim\u00e9es de notre base de donn\u00e9es.<\/p>\n<p><b>Domaines non couverts par notre Politique de confidentialit\u00e9<\/b><\/p>\n<p>Les informations personnelles que vous communiquez par le biais de sessions de chat ou par e-mail ne sont pas couvertes par cette Politique de confidentialit\u00e9. Nous mettons tout en \u0153uvre pour prot\u00e9ger votre vie priv\u00e9e en contr\u00f4lant les sessions, mais restez vigilant lorsque vous communiquez vos informations personnelles par ce biais.<\/p>\n<p><b>\u00c9change de donn\u00e9es avec des tiers<\/b><\/p>\n<p>Les informations personnelles que vous communiquez ne sont pas \u00e9chang\u00e9es avec des tiers, ni trait\u00e9es en dehors de l\u2019Europe.<\/p>\n<p><b>Commission de la protection de la vie priv\u00e9e<\/b><\/p>\n<p>Si vous n\u2019\u00eates pas d\u2019accord avec nos proc\u00e9dures ou si vous souhaitez d\u00e9poser plainte, vous pouvez toujours vous adresser \u00e0 la Commission de la protection de la vie priv\u00e9e.<\/p>\n<p><b>Traitement l\u00e9gal des donn\u00e9es<\/b><\/p>\n<p>Le traitement des donn\u00e9es par www.heroma.be est conforme au RGPD et aux lois en vigueur. En cas de questions ou de remarques, vous pouvez toujours nous contacter par e-mail \u00e0 l\u2019adresse info@www.heroma.be<\/p>\n<p>Derni\u00e8re modification le 23 mai 2018<\/p>\n<p><br><\/p>\t\t\t\t\t\t\t\t<\/div>\n\t\t\t\t<\/div>\n\t\t\t\t\t<\/div>\n\t\t<\/div>\n\t\t\t\t\t<\/div>\n\t\t<\/section>\n\t\t\t\t<\/div>","protected":false},"excerpt":{"rendered":"<p>Terminologie Privacy statement, privacy policy, privacybeleid: het document waarin de procedures, beleidsregels en activiteiten op gebied van informatiebeveiliging van een bedrijf worden uiteengezet. Datalek: Het onrechtmatig toegang krijgen tot, wijzigen, vernietigen, verwerken of openbaar maken van persoonsgegevens. GDPR-reglementering: General Data Protection Regulation, de nieuwe Europese privacyregels. Effectief van invoering op 25 mei 2018. Cookies: Cookies [&hellip;]<\/p>","protected":false},"author":5,"featured_media":0,"parent":0,"menu_order":0,"comment_status":"closed","ping_status":"closed","template":"","meta":{"_exactmetrics_skip_tracking":false,"_exactmetrics_sitenote_active":false,"_exactmetrics_sitenote_note":"","_exactmetrics_sitenote_category":0,"site-sidebar-layout":"no-sidebar","site-content-layout":"page-builder","ast-site-content-layout":"default","site-content-style":"default","site-sidebar-style":"default","ast-global-header-display":"","ast-banner-title-visibility":"","ast-main-header-display":"","ast-hfb-above-header-display":"","ast-hfb-below-header-display":"","ast-hfb-mobile-header-display":"","site-post-title":"disabled","ast-breadcrumbs-content":"","ast-featured-img":"disabled","footer-sml-layout":"","theme-transparent-header-meta":"default","adv-header-id-meta":"","stick-header-meta":"default","header-above-stick-meta":"","header-main-stick-meta":"","header-below-stick-meta":"","astra-migrate-meta-layouts":"default","ast-page-background-enabled":"default","ast-page-background-meta":{"desktop":{"background-color":"","background-image":"","background-repeat":"repeat","background-position":"center center","background-size":"auto","background-attachment":"scroll","background-type":"","background-media":"","overlay-type":"","overlay-color":"","overlay-opacity":"","overlay-gradient":""},"tablet":{"background-color":"","background-image":"","background-repeat":"repeat","background-position":"center center","background-size":"auto","background-attachment":"scroll","background-type":"","background-media":"","overlay-type":"","overlay-color":"","overlay-opacity":"","overlay-gradient":""},"mobile":{"background-color":"","background-image":"","background-repeat":"repeat","background-position":"center center","background-size":"auto","background-attachment":"scroll","background-type":"","background-media":"","overlay-type":"","overlay-color":"","overlay-opacity":"","overlay-gradient":""}},"ast-content-background-meta":{"desktop":{"background-color":"var(--ast-global-color-5)","background-image":"","background-repeat":"repeat","background-position":"center center","background-size":"auto","background-attachment":"scroll","background-type":"","background-media":"","overlay-type":"","overlay-color":"","overlay-opacity":"","overlay-gradient":""},"tablet":{"background-color":"var(--ast-global-color-5)","background-image":"","background-repeat":"repeat","background-position":"center center","background-size":"auto","background-attachment":"scroll","background-type":"","background-media":"","overlay-type":"","overlay-color":"","overlay-opacity":"","overlay-gradient":""},"mobile":{"background-color":"var(--ast-global-color-5)","background-image":"","background-repeat":"repeat","background-position":"center center","background-size":"auto","background-attachment":"scroll","background-type":"","background-media":"","overlay-type":"","overlay-color":"","overlay-opacity":"","overlay-gradient":""}},"footnotes":""},"class_list":["post-1527","page","type-page","status-publish","hentry"],"yoast_head":"<!-- This site is optimized with the Yoast SEO plugin v26.4 - https:\/\/yoast.com\/wordpress\/plugins\/seo\/ -->\n<title>Privacybeleid &#8211; HEROMA<\/title>\n<meta name=\"robots\" content=\"index, follow, max-snippet:-1, max-image-preview:large, max-video-preview:-1\" \/>\n<link rel=\"canonical\" href=\"https:\/\/www.heroma.be\/fr\/privacybeleid\/\" \/>\n<meta property=\"og:locale\" content=\"fr_FR\" \/>\n<meta property=\"og:type\" content=\"article\" \/>\n<meta property=\"og:title\" content=\"Privacybeleid &#8211; HEROMA\" \/>\n<meta property=\"og:description\" content=\"Terminologie Privacy statement, privacy policy, privacybeleid: het document waarin de procedures, beleidsregels en activiteiten op gebied van informatiebeveiliging van een bedrijf worden uiteengezet. Datalek: Het onrechtmatig toegang krijgen tot, wijzigen, vernietigen, verwerken of openbaar maken van persoonsgegevens. GDPR-reglementering: General Data Protection Regulation, de nieuwe Europese privacyregels. Effectief van invoering op 25 mei 2018. Cookies: Cookies [&hellip;]\" \/>\n<meta property=\"og:url\" content=\"https:\/\/www.heroma.be\/fr\/privacybeleid\/\" \/>\n<meta property=\"og:site_name\" content=\"HEROMA\" \/>\n<meta property=\"article:publisher\" content=\"https:\/\/www.facebook.com\/bvbaheroma\" \/>\n<meta property=\"article:modified_time\" content=\"2021-03-05T10:39:42+00:00\" \/>\n<meta name=\"twitter:card\" content=\"summary_large_image\" \/>\n<meta name=\"twitter:label1\" content=\"Dur\u00e9e de lecture est.\" \/>\n\t<meta name=\"twitter:data1\" content=\"6 minutes\" \/>\n<script type=\"application\/ld+json\" class=\"yoast-schema-graph\">{\"@context\":\"https:\/\/schema.org\",\"@graph\":[{\"@type\":\"WebPage\",\"@id\":\"https:\/\/www.heroma.be\/fr\/privacybeleid\/\",\"url\":\"https:\/\/www.heroma.be\/fr\/privacybeleid\/\",\"name\":\"Privacybeleid &#8211; HEROMA\",\"isPartOf\":{\"@id\":\"https:\/\/www.heroma.be\/#website\"},\"datePublished\":\"2021-03-05T10:04:24+00:00\",\"dateModified\":\"2021-03-05T10:39:42+00:00\",\"breadcrumb\":{\"@id\":\"https:\/\/www.heroma.be\/fr\/privacybeleid\/#breadcrumb\"},\"inLanguage\":\"fr-BE\",\"potentialAction\":[{\"@type\":\"ReadAction\",\"target\":[\"https:\/\/www.heroma.be\/fr\/privacybeleid\/\"]}]},{\"@type\":\"BreadcrumbList\",\"@id\":\"https:\/\/www.heroma.be\/fr\/privacybeleid\/#breadcrumb\",\"itemListElement\":[{\"@type\":\"ListItem\",\"position\":1,\"name\":\"Home\",\"item\":\"https:\/\/www.heroma.be\/\"},{\"@type\":\"ListItem\",\"position\":2,\"name\":\"Privacybeleid\"}]},{\"@type\":\"WebSite\",\"@id\":\"https:\/\/www.heroma.be\/#website\",\"url\":\"https:\/\/www.heroma.be\/\",\"name\":\"HEROMA\",\"description\":\"Inrichting op maat van uw bedrijfswagen\",\"publisher\":{\"@id\":\"https:\/\/www.heroma.be\/#organization\"},\"potentialAction\":[{\"@type\":\"SearchAction\",\"target\":{\"@type\":\"EntryPoint\",\"urlTemplate\":\"https:\/\/www.heroma.be\/?s={search_term_string}\"},\"query-input\":{\"@type\":\"PropertyValueSpecification\",\"valueRequired\":true,\"valueName\":\"search_term_string\"}}],\"inLanguage\":\"fr-BE\"},{\"@type\":\"Organization\",\"@id\":\"https:\/\/www.heroma.be\/#organization\",\"name\":\"HEROMA BVBA\",\"url\":\"https:\/\/www.heroma.be\/\",\"logo\":{\"@type\":\"ImageObject\",\"inLanguage\":\"fr-BE\",\"@id\":\"https:\/\/www.heroma.be\/#\/schema\/logo\/image\/\",\"url\":\"https:\/\/www.heroma.be\/wp-content\/uploads\/2020\/03\/Heroma-Logo.png\",\"contentUrl\":\"https:\/\/www.heroma.be\/wp-content\/uploads\/2020\/03\/Heroma-Logo.png\",\"width\":717,\"height\":260,\"caption\":\"HEROMA BVBA\"},\"image\":{\"@id\":\"https:\/\/www.heroma.be\/#\/schema\/logo\/image\/\"},\"sameAs\":[\"https:\/\/www.facebook.com\/bvbaheroma\",\"https:\/\/www.youtube.com\/channel\/UCqa9eMZ3LypUgSdGsG4lPsA\"]}]}<\/script>\n<!-- \/ Yoast SEO plugin. -->","yoast_head_json":{"title":"Privacybeleid &#8211; HEROMA","robots":{"index":"index","follow":"follow","max-snippet":"max-snippet:-1","max-image-preview":"max-image-preview:large","max-video-preview":"max-video-preview:-1"},"canonical":"https:\/\/www.heroma.be\/fr\/privacybeleid\/","og_locale":"fr_FR","og_type":"article","og_title":"Privacybeleid &#8211; HEROMA","og_description":"Terminologie Privacy statement, privacy policy, privacybeleid: het document waarin de procedures, beleidsregels en activiteiten op gebied van informatiebeveiliging van een bedrijf worden uiteengezet. Datalek: Het onrechtmatig toegang krijgen tot, wijzigen, vernietigen, verwerken of openbaar maken van persoonsgegevens. GDPR-reglementering: General Data Protection Regulation, de nieuwe Europese privacyregels. Effectief van invoering op 25 mei 2018. Cookies: Cookies [&hellip;]","og_url":"https:\/\/www.heroma.be\/fr\/privacybeleid\/","og_site_name":"HEROMA","article_publisher":"https:\/\/www.facebook.com\/bvbaheroma","article_modified_time":"2021-03-05T10:39:42+00:00","twitter_card":"summary_large_image","twitter_misc":{"Dur\u00e9e de lecture est.":"6 minutes"},"schema":{"@context":"https:\/\/schema.org","@graph":[{"@type":"WebPage","@id":"https:\/\/www.heroma.be\/fr\/privacybeleid\/","url":"https:\/\/www.heroma.be\/fr\/privacybeleid\/","name":"Privacybeleid &#8211; HEROMA","isPartOf":{"@id":"https:\/\/www.heroma.be\/#website"},"datePublished":"2021-03-05T10:04:24+00:00","dateModified":"2021-03-05T10:39:42+00:00","breadcrumb":{"@id":"https:\/\/www.heroma.be\/fr\/privacybeleid\/#breadcrumb"},"inLanguage":"fr-BE","potentialAction":[{"@type":"ReadAction","target":["https:\/\/www.heroma.be\/fr\/privacybeleid\/"]}]},{"@type":"BreadcrumbList","@id":"https:\/\/www.heroma.be\/fr\/privacybeleid\/#breadcrumb","itemListElement":[{"@type":"ListItem","position":1,"name":"Home","item":"https:\/\/www.heroma.be\/"},{"@type":"ListItem","position":2,"name":"Privacybeleid"}]},{"@type":"WebSite","@id":"https:\/\/www.heroma.be\/#website","url":"https:\/\/www.heroma.be\/","name":"HEROMA","description":"Am\u00e9nagement adapt\u00e9 \u00e0 votre v\u00e9hicule utilitaire","publisher":{"@id":"https:\/\/www.heroma.be\/#organization"},"potentialAction":[{"@type":"SearchAction","target":{"@type":"EntryPoint","urlTemplate":"https:\/\/www.heroma.be\/?s={search_term_string}"},"query-input":{"@type":"PropertyValueSpecification","valueRequired":true,"valueName":"search_term_string"}}],"inLanguage":"fr-BE"},{"@type":"Organization","@id":"https:\/\/www.heroma.be\/#organization","name":"HEROMA BVBA","url":"https:\/\/www.heroma.be\/","logo":{"@type":"ImageObject","inLanguage":"fr-BE","@id":"https:\/\/www.heroma.be\/#\/schema\/logo\/image\/","url":"https:\/\/www.heroma.be\/wp-content\/uploads\/2020\/03\/Heroma-Logo.png","contentUrl":"https:\/\/www.heroma.be\/wp-content\/uploads\/2020\/03\/Heroma-Logo.png","width":717,"height":260,"caption":"HEROMA BVBA"},"image":{"@id":"https:\/\/www.heroma.be\/#\/schema\/logo\/image\/"},"sameAs":["https:\/\/www.facebook.com\/bvbaheroma","https:\/\/www.youtube.com\/channel\/UCqa9eMZ3LypUgSdGsG4lPsA"]}]}},"_links":{"self":[{"href":"https:\/\/www.heroma.be\/fr\/wp-json\/wp\/v2\/pages\/1527","targetHints":{"allow":["GET"]}}],"collection":[{"href":"https:\/\/www.heroma.be\/fr\/wp-json\/wp\/v2\/pages"}],"about":[{"href":"https:\/\/www.heroma.be\/fr\/wp-json\/wp\/v2\/types\/page"}],"author":[{"embeddable":true,"href":"https:\/\/www.heroma.be\/fr\/wp-json\/wp\/v2\/users\/5"}],"replies":[{"embeddable":true,"href":"https:\/\/www.heroma.be\/fr\/wp-json\/wp\/v2\/comments?post=1527"}],"version-history":[{"count":12,"href":"https:\/\/www.heroma.be\/fr\/wp-json\/wp\/v2\/pages\/1527\/revisions"}],"predecessor-version":[{"id":1540,"href":"https:\/\/www.heroma.be\/fr\/wp-json\/wp\/v2\/pages\/1527\/revisions\/1540"}],"wp:attachment":[{"href":"https:\/\/www.heroma.be\/fr\/wp-json\/wp\/v2\/media?parent=1527"}],"curies":[{"name":"wp","href":"https:\/\/api.w.org\/{rel}","templated":true}]}}