{"id":163,"date":"2020-03-03T08:21:23","date_gmt":"2020-03-03T08:21:23","guid":{"rendered":"https:\/\/www.heroma.be\/?page_id=163"},"modified":"2020-03-03T09:45:47","modified_gmt":"2020-03-03T09:45:47","slug":"anti-inbraaksystemen","status":"publish","type":"page","link":"https:\/\/www.heroma.be\/fr\/producten\/anti-inbraaksystemen\/","title":{"rendered":"Syst\u00e8mes anti-intrusion"},"content":{"rendered":"<div data-elementor-type=\"wp-page\" data-elementor-id=\"163\" class=\"elementor elementor-163\" data-elementor-post-type=\"page\">\n\t\t\t\t\t\t<section class=\"elementor-section elementor-top-section elementor-element elementor-element-52395da3 elementor-section-boxed elementor-section-height-default elementor-section-height-default\" data-id=\"52395da3\" data-element_type=\"section\" data-settings=\"{&quot;background_background&quot;:&quot;classic&quot;,&quot;shape_divider_bottom&quot;:&quot;book&quot;}\">\n\t\t\t\t\t<div class=\"elementor-shape elementor-shape-bottom\" aria-hidden=\"true\" data-negative=\"false\">\n\t\t\t<svg xmlns=\"http:\/\/www.w3.org\/2000\/svg\" viewbox=\"0 0 1000 100\" preserveaspectratio=\"none\">\n\t<path class=\"elementor-shape-fill\" d=\"M194,99c186.7,0.7,305-78.3,306-97.2c1,18.9,119.3,97.9,306,97.2c114.3-0.3,194,0.3,194,0.3s0-91.7,0-100c0,0,0,0,0-0 L0,0v99.3C0,99.3,79.7,98.7,194,99z\"\/>\n<\/svg>\t\t<\/div>\n\t\t\t\t\t<div class=\"elementor-container elementor-column-gap-default\">\n\t\t\t\t\t<div class=\"elementor-column elementor-col-100 elementor-top-column elementor-element elementor-element-7f68841f\" data-id=\"7f68841f\" data-element_type=\"column\">\n\t\t\t<div class=\"elementor-widget-wrap elementor-element-populated\">\n\t\t\t\t\t\t<div class=\"elementor-element elementor-element-5482f691 elementor-widget elementor-widget-heading\" data-id=\"5482f691\" data-element_type=\"widget\" data-widget_type=\"heading.default\">\n\t\t\t\t<div class=\"elementor-widget-container\">\n\t\t\t\t\t<h2 class=\"elementor-heading-title elementor-size-default\">Syst\u00e8mes anti-intrusion<\/h2>\t\t\t\t<\/div>\n\t\t\t\t<\/div>\n\t\t\t\t<div class=\"elementor-element elementor-element-5886fc89 elementor-widget-divider--view-line elementor-widget elementor-widget-divider\" data-id=\"5886fc89\" data-element_type=\"widget\" data-widget_type=\"divider.default\">\n\t\t\t\t<div class=\"elementor-widget-container\">\n\t\t\t\t\t\t\t<div class=\"elementor-divider\">\n\t\t\t<span class=\"elementor-divider-separator\">\n\t\t\t\t\t\t<\/span>\n\t\t<\/div>\n\t\t\t\t\t\t<\/div>\n\t\t\t\t<\/div>\n\t\t\t\t\t<\/div>\n\t\t<\/div>\n\t\t\t\t\t<\/div>\n\t\t<\/section>\n\t\t\t\t<section class=\"elementor-section elementor-top-section elementor-element elementor-element-8748c30 elementor-section-boxed elementor-section-height-default elementor-section-height-default\" data-id=\"8748c30\" data-element_type=\"section\">\n\t\t\t\t\t\t<div class=\"elementor-container elementor-column-gap-wider\">\n\t\t\t\t\t<div class=\"elementor-column elementor-col-50 elementor-top-column elementor-element elementor-element-3597bbd\" data-id=\"3597bbd\" data-element_type=\"column\">\n\t\t\t<div class=\"elementor-widget-wrap elementor-element-populated\">\n\t\t\t\t\t\t<div class=\"elementor-element elementor-element-fffda17 elementor-widget elementor-widget-image\" data-id=\"fffda17\" data-element_type=\"widget\" data-widget_type=\"image.default\">\n\t\t\t\t<div class=\"elementor-widget-container\">\n\t\t\t\t\t\t\t\t\t\t\t\t\t\t\t\t<a href=\"https:\/\/www.heroma.be\/wp-content\/uploads\/2020\/03\/Sloten_01.jpg\" data-elementor-open-lightbox=\"yes\" data-e-action-hash=\"#elementor-action%3Aaction%3Dlightbox%26settings%3DeyJpZCI6MjY5LCJ1cmwiOiJodHRwczpcL1wvd3d3Lmhlcm9tYS5iZVwvd3AtY29udGVudFwvdXBsb2Fkc1wvMjAyMFwvMDNcL1Nsb3Rlbl8wMS5qcGcifQ%3D%3D\">\n\t\t\t\t\t\t\t<img decoding=\"async\" data-src=\"https:\/\/www.heroma.be\/wp-content\/uploads\/elementor\/thumbs\/Sloten_01-om8nlfbutc0fneuv2nz1j0hhlib84r4tihrle3qm4o.jpg\" title=\"Heroma Anti-inbraak\" alt=\"Heroma Anti-inbraak\" src=\"data:image\/svg+xml;base64,PHN2ZyB3aWR0aD0iMSIgaGVpZ2h0PSIxIiB4bWxucz0iaHR0cDovL3d3dy53My5vcmcvMjAwMC9zdmciPjwvc3ZnPg==\" class=\"lazyload\" style=\"--smush-placeholder-width: 1000px; --smush-placeholder-aspect-ratio: 1000\/500;\" \/>\t\t\t\t\t\t\t\t<\/a>\n\t\t\t\t\t\t\t\t\t\t\t\t\t\t\t<\/div>\n\t\t\t\t<\/div>\n\t\t\t\t<div class=\"elementor-element elementor-element-e0e1893 elementor-widget elementor-widget-heading\" data-id=\"e0e1893\" data-element_type=\"widget\" data-widget_type=\"heading.default\">\n\t\t\t\t<div class=\"elementor-widget-container\">\n\t\t\t\t\t<h3 class=\"elementor-heading-title elementor-size-default\">Cadenas int\u00e9gr\u00e9s<\/h3>\t\t\t\t<\/div>\n\t\t\t\t<\/div>\n\t\t\t\t<div class=\"elementor-element elementor-element-7458f52 elementor-widget elementor-widget-text-editor\" data-id=\"7458f52\" data-element_type=\"widget\" data-widget_type=\"text-editor.default\">\n\t\t\t\t<div class=\"elementor-widget-container\">\n\t\t\t\t\t\t\t\t\t<ul><li>Versions disponibles avec per\u00e7ages et aussi sans per\u00e7ages suppl\u00e9mentaires pour certains mod\u00e8les<\/li><li>Apportent une s\u00e9curit\u00e9 suppl\u00e9mentaire<\/li><\/ul>\t\t\t\t\t\t\t\t<\/div>\n\t\t\t\t<\/div>\n\t\t\t\t\t<\/div>\n\t\t<\/div>\n\t\t\t\t<div class=\"elementor-column elementor-col-50 elementor-top-column elementor-element elementor-element-21d12e2\" data-id=\"21d12e2\" data-element_type=\"column\">\n\t\t\t<div class=\"elementor-widget-wrap elementor-element-populated\">\n\t\t\t\t\t\t<div class=\"elementor-element elementor-element-70b5be1 elementor-widget elementor-widget-image\" data-id=\"70b5be1\" data-element_type=\"widget\" data-widget_type=\"image.default\">\n\t\t\t\t<div class=\"elementor-widget-container\">\n\t\t\t\t\t\t\t\t\t\t\t\t\t\t\t\t<a href=\"https:\/\/www.heroma.be\/wp-content\/uploads\/2020\/03\/02_Raamrooster.jpg\" data-elementor-open-lightbox=\"yes\" data-e-action-hash=\"#elementor-action%3Aaction%3Dlightbox%26settings%3DeyJpZCI6MjY0LCJ1cmwiOiJodHRwczpcL1wvd3d3Lmhlcm9tYS5iZVwvd3AtY29udGVudFwvdXBsb2Fkc1wvMjAyMFwvMDNcLzAyX1JhYW1yb29zdGVyLmpwZyJ9\">\n\t\t\t\t\t\t\t<img decoding=\"async\" data-src=\"https:\/\/www.heroma.be\/wp-content\/uploads\/elementor\/thumbs\/02_Raamrooster-om8nlfbutc0fneuv2nz1j0hhlib84r4tihrle3qm4o.jpg\" title=\"Heroma Anti-inbraak\" alt=\"Heroma Anti-inbraak\" src=\"data:image\/svg+xml;base64,PHN2ZyB3aWR0aD0iMSIgaGVpZ2h0PSIxIiB4bWxucz0iaHR0cDovL3d3dy53My5vcmcvMjAwMC9zdmciPjwvc3ZnPg==\" class=\"lazyload\" style=\"--smush-placeholder-width: 1000px; --smush-placeholder-aspect-ratio: 1000\/500;\" \/>\t\t\t\t\t\t\t\t<\/a>\n\t\t\t\t\t\t\t\t\t\t\t\t\t\t\t<\/div>\n\t\t\t\t<\/div>\n\t\t\t\t<div class=\"elementor-element elementor-element-e141e69 elementor-widget elementor-widget-heading\" data-id=\"e141e69\" data-element_type=\"widget\" data-widget_type=\"heading.default\">\n\t\t\t\t<div class=\"elementor-widget-container\">\n\t\t\t\t\t<h3 class=\"elementor-heading-title elementor-size-default\">Grilles de fen\u00eatre<\/h3>\t\t\t\t<\/div>\n\t\t\t\t<\/div>\n\t\t\t\t<div class=\"elementor-element elementor-element-670849d elementor-widget elementor-widget-text-editor\" data-id=\"670849d\" data-element_type=\"widget\" data-widget_type=\"text-editor.default\">\n\t\t\t\t<div class=\"elementor-widget-container\">\n\t\t\t\t\t\t\t\t\t<ul><li>Disponibles pour tous les mod\u00e8les<\/li><li>\u00c0 visser \u00e0 l\u2019int\u00e9rieur<\/li><li>\u00c9galement disponibles pour cloison<\/li><\/ul>\t\t\t\t\t\t\t\t<\/div>\n\t\t\t\t<\/div>\n\t\t\t\t\t<\/div>\n\t\t<\/div>\n\t\t\t\t\t<\/div>\n\t\t<\/section>\n\t\t\t\t<\/div>","protected":false},"excerpt":{"rendered":"<p>Anti-inbraaksystemen Opbouwsloten Versies beschikbaar met boren en voor bepaalde modellen ook zonder bijkomende boringen Biedt bijkomende zekerheid Raamroosters Beschikbaar voor alle modellen Te schroeven aan binnenzijde Ook verkrijgbaar voor tussenschot<\/p>","protected":false},"author":3,"featured_media":0,"parent":55,"menu_order":0,"comment_status":"closed","ping_status":"closed","template":"","meta":{"_exactmetrics_skip_tracking":false,"_exactmetrics_sitenote_active":false,"_exactmetrics_sitenote_note":"","_exactmetrics_sitenote_category":0,"site-sidebar-layout":"no-sidebar","site-content-layout":"page-builder","ast-site-content-layout":"default","site-content-style":"default","site-sidebar-style":"default","ast-global-header-display":"","ast-banner-title-visibility":"","ast-main-header-display":"","ast-hfb-above-header-display":"","ast-hfb-below-header-display":"","ast-hfb-mobile-header-display":"","site-post-title":"disabled","ast-breadcrumbs-content":"","ast-featured-img":"disabled","footer-sml-layout":"","theme-transparent-header-meta":"disabled","adv-header-id-meta":"","stick-header-meta":"default","header-above-stick-meta":"","header-main-stick-meta":"","header-below-stick-meta":"","astra-migrate-meta-layouts":"default","ast-page-background-enabled":"default","ast-page-background-meta":{"desktop":{"background-color":"","background-image":"","background-repeat":"repeat","background-position":"center center","background-size":"auto","background-attachment":"scroll","background-type":"","background-media":"","overlay-type":"","overlay-color":"","overlay-opacity":"","overlay-gradient":""},"tablet":{"background-color":"","background-image":"","background-repeat":"repeat","background-position":"center center","background-size":"auto","background-attachment":"scroll","background-type":"","background-media":"","overlay-type":"","overlay-color":"","overlay-opacity":"","overlay-gradient":""},"mobile":{"background-color":"","background-image":"","background-repeat":"repeat","background-position":"center center","background-size":"auto","background-attachment":"scroll","background-type":"","background-media":"","overlay-type":"","overlay-color":"","overlay-opacity":"","overlay-gradient":""}},"ast-content-background-meta":{"desktop":{"background-color":"var(--ast-global-color-5)","background-image":"","background-repeat":"repeat","background-position":"center center","background-size":"auto","background-attachment":"scroll","background-type":"","background-media":"","overlay-type":"","overlay-color":"","overlay-opacity":"","overlay-gradient":""},"tablet":{"background-color":"var(--ast-global-color-5)","background-image":"","background-repeat":"repeat","background-position":"center center","background-size":"auto","background-attachment":"scroll","background-type":"","background-media":"","overlay-type":"","overlay-color":"","overlay-opacity":"","overlay-gradient":""},"mobile":{"background-color":"var(--ast-global-color-5)","background-image":"","background-repeat":"repeat","background-position":"center center","background-size":"auto","background-attachment":"scroll","background-type":"","background-media":"","overlay-type":"","overlay-color":"","overlay-opacity":"","overlay-gradient":""}},"footnotes":""},"class_list":["post-163","page","type-page","status-publish","hentry"],"yoast_head":"<!-- This site is optimized with the Yoast SEO plugin v26.4 - https:\/\/yoast.com\/wordpress\/plugins\/seo\/ -->\n<title>Anti-inbraaksystemen &#8211; HEROMA<\/title>\n<meta name=\"robots\" content=\"index, follow, max-snippet:-1, max-image-preview:large, max-video-preview:-1\" \/>\n<link rel=\"canonical\" href=\"https:\/\/www.heroma.be\/fr\/producten\/anti-inbraaksystemen\/\" \/>\n<meta property=\"og:locale\" content=\"fr_FR\" \/>\n<meta property=\"og:type\" content=\"article\" \/>\n<meta property=\"og:title\" content=\"Anti-inbraaksystemen &#8211; HEROMA\" \/>\n<meta property=\"og:description\" content=\"Anti-inbraaksystemen Opbouwsloten Versies beschikbaar met boren en voor bepaalde modellen ook zonder bijkomende boringen Biedt bijkomende zekerheid Raamroosters Beschikbaar voor alle modellen Te schroeven aan binnenzijde Ook verkrijgbaar voor tussenschot\" \/>\n<meta property=\"og:url\" content=\"https:\/\/www.heroma.be\/fr\/producten\/anti-inbraaksystemen\/\" \/>\n<meta property=\"og:site_name\" content=\"HEROMA\" \/>\n<meta property=\"article:publisher\" content=\"https:\/\/www.facebook.com\/bvbaheroma\" \/>\n<meta property=\"article:modified_time\" content=\"2020-03-03T09:45:47+00:00\" \/>\n<meta property=\"og:image\" content=\"https:\/\/www.heroma.be\/wp-content\/uploads\/elementor\/thumbs\/Sloten_01-om0q7d0njhlc68ibe584a4ylkvv714t7alhunba7rc.jpg\" \/>\n<meta name=\"twitter:card\" content=\"summary_large_image\" \/>\n<script type=\"application\/ld+json\" class=\"yoast-schema-graph\">{\"@context\":\"https:\/\/schema.org\",\"@graph\":[{\"@type\":\"WebPage\",\"@id\":\"https:\/\/www.heroma.be\/producten\/anti-inbraaksystemen\/\",\"url\":\"https:\/\/www.heroma.be\/producten\/anti-inbraaksystemen\/\",\"name\":\"Anti-inbraaksystemen &#8211; HEROMA\",\"isPartOf\":{\"@id\":\"https:\/\/www.heroma.be\/#website\"},\"primaryImageOfPage\":{\"@id\":\"https:\/\/www.heroma.be\/producten\/anti-inbraaksystemen\/#primaryimage\"},\"image\":{\"@id\":\"https:\/\/www.heroma.be\/producten\/anti-inbraaksystemen\/#primaryimage\"},\"thumbnailUrl\":\"https:\/\/www.heroma.be\/wp-content\/uploads\/elementor\/thumbs\/Sloten_01-om0q7d0njhlc68ibe584a4ylkvv714t7alhunba7rc.jpg\",\"datePublished\":\"2020-03-03T08:21:23+00:00\",\"dateModified\":\"2020-03-03T09:45:47+00:00\",\"breadcrumb\":{\"@id\":\"https:\/\/www.heroma.be\/producten\/anti-inbraaksystemen\/#breadcrumb\"},\"inLanguage\":\"fr-BE\",\"potentialAction\":[{\"@type\":\"ReadAction\",\"target\":[\"https:\/\/www.heroma.be\/producten\/anti-inbraaksystemen\/\"]}]},{\"@type\":\"ImageObject\",\"inLanguage\":\"fr-BE\",\"@id\":\"https:\/\/www.heroma.be\/producten\/anti-inbraaksystemen\/#primaryimage\",\"url\":\"https:\/\/www.heroma.be\/wp-content\/uploads\/elementor\/thumbs\/Sloten_01-om0q7d0njhlc68ibe584a4ylkvv714t7alhunba7rc.jpg\",\"contentUrl\":\"https:\/\/www.heroma.be\/wp-content\/uploads\/elementor\/thumbs\/Sloten_01-om0q7d0njhlc68ibe584a4ylkvv714t7alhunba7rc.jpg\"},{\"@type\":\"BreadcrumbList\",\"@id\":\"https:\/\/www.heroma.be\/producten\/anti-inbraaksystemen\/#breadcrumb\",\"itemListElement\":[{\"@type\":\"ListItem\",\"position\":1,\"name\":\"Home\",\"item\":\"https:\/\/www.heroma.be\/\"},{\"@type\":\"ListItem\",\"position\":2,\"name\":\"Producten\",\"item\":\"https:\/\/www.heroma.be\/producten\/\"},{\"@type\":\"ListItem\",\"position\":3,\"name\":\"Anti-inbraaksystemen\"}]},{\"@type\":\"WebSite\",\"@id\":\"https:\/\/www.heroma.be\/#website\",\"url\":\"https:\/\/www.heroma.be\/\",\"name\":\"HEROMA\",\"description\":\"Inrichting op maat van uw bedrijfswagen\",\"publisher\":{\"@id\":\"https:\/\/www.heroma.be\/#organization\"},\"potentialAction\":[{\"@type\":\"SearchAction\",\"target\":{\"@type\":\"EntryPoint\",\"urlTemplate\":\"https:\/\/www.heroma.be\/?s={search_term_string}\"},\"query-input\":{\"@type\":\"PropertyValueSpecification\",\"valueRequired\":true,\"valueName\":\"search_term_string\"}}],\"inLanguage\":\"fr-BE\"},{\"@type\":\"Organization\",\"@id\":\"https:\/\/www.heroma.be\/#organization\",\"name\":\"HEROMA BVBA\",\"url\":\"https:\/\/www.heroma.be\/\",\"logo\":{\"@type\":\"ImageObject\",\"inLanguage\":\"fr-BE\",\"@id\":\"https:\/\/www.heroma.be\/#\/schema\/logo\/image\/\",\"url\":\"https:\/\/www.heroma.be\/wp-content\/uploads\/2020\/03\/Heroma-Logo.png\",\"contentUrl\":\"https:\/\/www.heroma.be\/wp-content\/uploads\/2020\/03\/Heroma-Logo.png\",\"width\":717,\"height\":260,\"caption\":\"HEROMA BVBA\"},\"image\":{\"@id\":\"https:\/\/www.heroma.be\/#\/schema\/logo\/image\/\"},\"sameAs\":[\"https:\/\/www.facebook.com\/bvbaheroma\",\"https:\/\/www.youtube.com\/channel\/UCqa9eMZ3LypUgSdGsG4lPsA\"]}]}<\/script>\n<!-- \/ Yoast SEO plugin. -->","yoast_head_json":{"title":"Anti-inbraaksystemen &#8211; HEROMA","robots":{"index":"index","follow":"follow","max-snippet":"max-snippet:-1","max-image-preview":"max-image-preview:large","max-video-preview":"max-video-preview:-1"},"canonical":"https:\/\/www.heroma.be\/fr\/producten\/anti-inbraaksystemen\/","og_locale":"fr_FR","og_type":"article","og_title":"Anti-inbraaksystemen &#8211; HEROMA","og_description":"Anti-inbraaksystemen Opbouwsloten Versies beschikbaar met boren en voor bepaalde modellen ook zonder bijkomende boringen Biedt bijkomende zekerheid Raamroosters Beschikbaar voor alle modellen Te schroeven aan binnenzijde Ook verkrijgbaar voor tussenschot","og_url":"https:\/\/www.heroma.be\/fr\/producten\/anti-inbraaksystemen\/","og_site_name":"HEROMA","article_publisher":"https:\/\/www.facebook.com\/bvbaheroma","article_modified_time":"2020-03-03T09:45:47+00:00","og_image":[{"url":"https:\/\/www.heroma.be\/wp-content\/uploads\/elementor\/thumbs\/Sloten_01-om0q7d0njhlc68ibe584a4ylkvv714t7alhunba7rc.jpg","type":"","width":"","height":""}],"twitter_card":"summary_large_image","schema":{"@context":"https:\/\/schema.org","@graph":[{"@type":"WebPage","@id":"https:\/\/www.heroma.be\/producten\/anti-inbraaksystemen\/","url":"https:\/\/www.heroma.be\/producten\/anti-inbraaksystemen\/","name":"Anti-inbraaksystemen &#8211; HEROMA","isPartOf":{"@id":"https:\/\/www.heroma.be\/#website"},"primaryImageOfPage":{"@id":"https:\/\/www.heroma.be\/producten\/anti-inbraaksystemen\/#primaryimage"},"image":{"@id":"https:\/\/www.heroma.be\/producten\/anti-inbraaksystemen\/#primaryimage"},"thumbnailUrl":"https:\/\/www.heroma.be\/wp-content\/uploads\/elementor\/thumbs\/Sloten_01-om0q7d0njhlc68ibe584a4ylkvv714t7alhunba7rc.jpg","datePublished":"2020-03-03T08:21:23+00:00","dateModified":"2020-03-03T09:45:47+00:00","breadcrumb":{"@id":"https:\/\/www.heroma.be\/producten\/anti-inbraaksystemen\/#breadcrumb"},"inLanguage":"fr-BE","potentialAction":[{"@type":"ReadAction","target":["https:\/\/www.heroma.be\/producten\/anti-inbraaksystemen\/"]}]},{"@type":"ImageObject","inLanguage":"fr-BE","@id":"https:\/\/www.heroma.be\/producten\/anti-inbraaksystemen\/#primaryimage","url":"https:\/\/www.heroma.be\/wp-content\/uploads\/elementor\/thumbs\/Sloten_01-om0q7d0njhlc68ibe584a4ylkvv714t7alhunba7rc.jpg","contentUrl":"https:\/\/www.heroma.be\/wp-content\/uploads\/elementor\/thumbs\/Sloten_01-om0q7d0njhlc68ibe584a4ylkvv714t7alhunba7rc.jpg"},{"@type":"BreadcrumbList","@id":"https:\/\/www.heroma.be\/producten\/anti-inbraaksystemen\/#breadcrumb","itemListElement":[{"@type":"ListItem","position":1,"name":"Home","item":"https:\/\/www.heroma.be\/"},{"@type":"ListItem","position":2,"name":"Producten","item":"https:\/\/www.heroma.be\/producten\/"},{"@type":"ListItem","position":3,"name":"Anti-inbraaksystemen"}]},{"@type":"WebSite","@id":"https:\/\/www.heroma.be\/#website","url":"https:\/\/www.heroma.be\/","name":"HEROMA","description":"Am\u00e9nagement adapt\u00e9 \u00e0 votre v\u00e9hicule utilitaire","publisher":{"@id":"https:\/\/www.heroma.be\/#organization"},"potentialAction":[{"@type":"SearchAction","target":{"@type":"EntryPoint","urlTemplate":"https:\/\/www.heroma.be\/?s={search_term_string}"},"query-input":{"@type":"PropertyValueSpecification","valueRequired":true,"valueName":"search_term_string"}}],"inLanguage":"fr-BE"},{"@type":"Organization","@id":"https:\/\/www.heroma.be\/#organization","name":"HEROMA BVBA","url":"https:\/\/www.heroma.be\/","logo":{"@type":"ImageObject","inLanguage":"fr-BE","@id":"https:\/\/www.heroma.be\/#\/schema\/logo\/image\/","url":"https:\/\/www.heroma.be\/wp-content\/uploads\/2020\/03\/Heroma-Logo.png","contentUrl":"https:\/\/www.heroma.be\/wp-content\/uploads\/2020\/03\/Heroma-Logo.png","width":717,"height":260,"caption":"HEROMA BVBA"},"image":{"@id":"https:\/\/www.heroma.be\/#\/schema\/logo\/image\/"},"sameAs":["https:\/\/www.facebook.com\/bvbaheroma","https:\/\/www.youtube.com\/channel\/UCqa9eMZ3LypUgSdGsG4lPsA"]}]}},"_links":{"self":[{"href":"https:\/\/www.heroma.be\/fr\/wp-json\/wp\/v2\/pages\/163","targetHints":{"allow":["GET"]}}],"collection":[{"href":"https:\/\/www.heroma.be\/fr\/wp-json\/wp\/v2\/pages"}],"about":[{"href":"https:\/\/www.heroma.be\/fr\/wp-json\/wp\/v2\/types\/page"}],"author":[{"embeddable":true,"href":"https:\/\/www.heroma.be\/fr\/wp-json\/wp\/v2\/users\/3"}],"replies":[{"embeddable":true,"href":"https:\/\/www.heroma.be\/fr\/wp-json\/wp\/v2\/comments?post=163"}],"version-history":[{"count":11,"href":"https:\/\/www.heroma.be\/fr\/wp-json\/wp\/v2\/pages\/163\/revisions"}],"predecessor-version":[{"id":270,"href":"https:\/\/www.heroma.be\/fr\/wp-json\/wp\/v2\/pages\/163\/revisions\/270"}],"up":[{"embeddable":true,"href":"https:\/\/www.heroma.be\/fr\/wp-json\/wp\/v2\/pages\/55"}],"wp:attachment":[{"href":"https:\/\/www.heroma.be\/fr\/wp-json\/wp\/v2\/media?parent=163"}],"curies":[{"name":"wp","href":"https:\/\/api.w.org\/{rel}","templated":true}]}}