{"id":213,"date":"2020-03-03T09:15:13","date_gmt":"2020-03-03T09:15:13","guid":{"rendered":"https:\/\/www.heroma.be\/?page_id=213"},"modified":"2020-05-28T11:57:15","modified_gmt":"2020-05-28T11:57:15","slug":"glasrek-binnenzijde","status":"publish","type":"page","link":"https:\/\/www.heroma.be\/fr\/producten\/glasrek-binnenzijde\/","title":{"rendered":"Porte-vitre int\u00e9rieur"},"content":{"rendered":"<div data-elementor-type=\"wp-page\" data-elementor-id=\"213\" class=\"elementor elementor-213\" data-elementor-post-type=\"page\">\n\t\t\t\t\t\t<section class=\"elementor-section elementor-top-section elementor-element elementor-element-52395da3 elementor-section-boxed elementor-section-height-default elementor-section-height-default\" data-id=\"52395da3\" data-element_type=\"section\" data-settings=\"{&quot;background_background&quot;:&quot;classic&quot;,&quot;shape_divider_bottom&quot;:&quot;book&quot;}\">\n\t\t\t\t\t<div class=\"elementor-shape elementor-shape-bottom\" aria-hidden=\"true\" data-negative=\"false\">\n\t\t\t<svg xmlns=\"http:\/\/www.w3.org\/2000\/svg\" viewbox=\"0 0 1000 100\" preserveaspectratio=\"none\">\n\t<path class=\"elementor-shape-fill\" d=\"M194,99c186.7,0.7,305-78.3,306-97.2c1,18.9,119.3,97.9,306,97.2c114.3-0.3,194,0.3,194,0.3s0-91.7,0-100c0,0,0,0,0-0 L0,0v99.3C0,99.3,79.7,98.7,194,99z\"\/>\n<\/svg>\t\t<\/div>\n\t\t\t\t\t<div class=\"elementor-container elementor-column-gap-default\">\n\t\t\t\t\t<div class=\"elementor-column elementor-col-100 elementor-top-column elementor-element elementor-element-7f68841f\" data-id=\"7f68841f\" data-element_type=\"column\">\n\t\t\t<div class=\"elementor-widget-wrap elementor-element-populated\">\n\t\t\t\t\t\t<div class=\"elementor-element elementor-element-5482f691 elementor-widget elementor-widget-heading\" data-id=\"5482f691\" data-element_type=\"widget\" data-widget_type=\"heading.default\">\n\t\t\t\t<div class=\"elementor-widget-container\">\n\t\t\t\t\t<h2 class=\"elementor-heading-title elementor-size-default\">Porte-vitre int\u00e9rieur<\/h2>\t\t\t\t<\/div>\n\t\t\t\t<\/div>\n\t\t\t\t<div class=\"elementor-element elementor-element-5886fc89 elementor-widget-divider--view-line elementor-widget elementor-widget-divider\" data-id=\"5886fc89\" data-element_type=\"widget\" data-widget_type=\"divider.default\">\n\t\t\t\t<div class=\"elementor-widget-container\">\n\t\t\t\t\t\t\t<div class=\"elementor-divider\">\n\t\t\t<span class=\"elementor-divider-separator\">\n\t\t\t\t\t\t<\/span>\n\t\t<\/div>\n\t\t\t\t\t\t<\/div>\n\t\t\t\t<\/div>\n\t\t\t\t\t<\/div>\n\t\t<\/div>\n\t\t\t\t\t<\/div>\n\t\t<\/section>\n\t\t\t\t<section class=\"elementor-section elementor-top-section elementor-element elementor-element-8748c30 elementor-section-boxed elementor-section-height-default elementor-section-height-default\" data-id=\"8748c30\" data-element_type=\"section\">\n\t\t\t\t\t\t<div class=\"elementor-container elementor-column-gap-wider\">\n\t\t\t\t\t<div class=\"elementor-column elementor-col-25 elementor-top-column elementor-element elementor-element-e3b0d0d\" data-id=\"e3b0d0d\" data-element_type=\"column\">\n\t\t\t<div class=\"elementor-widget-wrap\">\n\t\t\t\t\t\t\t<\/div>\n\t\t<\/div>\n\t\t\t\t<div class=\"elementor-column elementor-col-50 elementor-top-column elementor-element elementor-element-3597bbd\" data-id=\"3597bbd\" data-element_type=\"column\">\n\t\t\t<div class=\"elementor-widget-wrap elementor-element-populated\">\n\t\t\t\t\t\t<div class=\"elementor-element elementor-element-f139a68 elementor-skin-carousel elementor-arrows-yes elementor-pagination-type-bullets elementor-pagination-position-outside elementor-widget elementor-widget-media-carousel\" data-id=\"f139a68\" data-element_type=\"widget\" data-settings=\"{&quot;effect&quot;:&quot;fade&quot;,&quot;skin&quot;:&quot;carousel&quot;,&quot;show_arrows&quot;:&quot;yes&quot;,&quot;pagination&quot;:&quot;bullets&quot;,&quot;speed&quot;:500,&quot;autoplay&quot;:&quot;yes&quot;,&quot;autoplay_speed&quot;:5000,&quot;loop&quot;:&quot;yes&quot;,&quot;pause_on_hover&quot;:&quot;yes&quot;,&quot;pause_on_interaction&quot;:&quot;yes&quot;,&quot;space_between&quot;:{&quot;unit&quot;:&quot;px&quot;,&quot;size&quot;:10,&quot;sizes&quot;:[]},&quot;space_between_tablet&quot;:{&quot;unit&quot;:&quot;px&quot;,&quot;size&quot;:10,&quot;sizes&quot;:[]},&quot;space_between_mobile&quot;:{&quot;unit&quot;:&quot;px&quot;,&quot;size&quot;:10,&quot;sizes&quot;:[]}}\" data-widget_type=\"media-carousel.default\">\n\t\t\t\t<div class=\"elementor-widget-container\">\n\t\t\t\t\t\t\t\t\t<div class=\"elementor-swiper\">\n\t\t\t\t\t<div class=\"elementor-main-swiper swiper\" role=\"region\" aria-roledescription=\"carousel\" aria-label=\"Slides\">\n\t\t\t\t<div class=\"swiper-wrapper\">\n\t\t\t\t\t\t\t\t\t\t\t<div class=\"swiper-slide\" role=\"group\" aria-roledescription=\"slide\">\n\t\t\t\t\t\t\t<a href=\"https:\/\/www.heroma.be\/wp-content\/uploads\/2020\/03\/01_GDB_1.jpg\" data-elementor-open-lightbox=\"yes\" data-elementor-lightbox-slideshow=\"f139a68\" data-e-action-hash=\"#elementor-action%3Aaction%3Dlightbox%26settings%3DeyJpZCI6MjE1LCJ1cmwiOiJodHRwczpcL1wvd3d3Lmhlcm9tYS5iZVwvd3AtY29udGVudFwvdXBsb2Fkc1wvMjAyMFwvMDNcLzAxX0dEQl8xLmpwZyIsInNsaWRlc2hvdyI6ImYxMzlhNjgifQ%3D%3D\">\t\t<div class=\"elementor-carousel-image lazyload\" role=\"img\" aria-label=\"Heroma Glasrek Binnenzijde\" style=\"background-image:inherit\" data-bg-image=\"url(&#039;https:\/\/www.heroma.be\/wp-content\/uploads\/2020\/03\/01_GDB_1.jpg&#039;)\">\n\n\t\t\t\n\t\t\t\t\t<\/div>\n\t\t<\/a>\t\t\t\t\t\t<\/div>\n\t\t\t\t\t\t\t\t\t\t\t<div class=\"swiper-slide\" role=\"group\" aria-roledescription=\"slide\">\n\t\t\t\t\t\t\t<a href=\"https:\/\/www.heroma.be\/wp-content\/uploads\/2020\/03\/01_GDB_2.jpg\" data-elementor-open-lightbox=\"yes\" data-elementor-lightbox-slideshow=\"f139a68\" data-e-action-hash=\"#elementor-action%3Aaction%3Dlightbox%26settings%3DeyJpZCI6MjE2LCJ1cmwiOiJodHRwczpcL1wvd3d3Lmhlcm9tYS5iZVwvd3AtY29udGVudFwvdXBsb2Fkc1wvMjAyMFwvMDNcLzAxX0dEQl8yLmpwZyIsInNsaWRlc2hvdyI6ImYxMzlhNjgifQ%3D%3D\">\t\t<div class=\"elementor-carousel-image lazyload\" role=\"img\" aria-label=\"Heroma Glasrek Binnenzijde\" style=\"background-image:inherit\" data-bg-image=\"url(&#039;https:\/\/www.heroma.be\/wp-content\/uploads\/2020\/03\/01_GDB_2.jpg&#039;)\">\n\n\t\t\t\n\t\t\t\t\t<\/div>\n\t\t<\/a>\t\t\t\t\t\t<\/div>\n\t\t\t\t\t\t\t\t\t<\/div>\n\t\t\t\t\t\t\t\t\t\t\t\t\t\t\t<div class=\"elementor-swiper-button elementor-swiper-button-prev\" role=\"button\" tabindex=\"0\" aria-label=\"Previous\" data-no-translation-aria-label=\"\">\n\t\t\t\t\t\t\t<i aria-hidden=\"true\" class=\"eicon-chevron-left\"><\/i>\t\t\t\t\t\t<\/div>\n\t\t\t\t\t\t<div class=\"elementor-swiper-button elementor-swiper-button-next\" role=\"button\" tabindex=\"0\" aria-label=\"Next\" data-no-translation-aria-label=\"\">\n\t\t\t\t\t\t\t<i aria-hidden=\"true\" class=\"eicon-chevron-right\"><\/i>\t\t\t\t\t\t<\/div>\n\t\t\t\t\t\t\t\t\t\t\t\t\t\t\t\t<div class=\"swiper-pagination\"><\/div>\n\t\t\t\t\t\t\t\t\t\t\t\t<\/div>\n\t\t\t\t<\/div>\n\t\t\t\t\t\t\t\t<\/div>\n\t\t\t\t<\/div>\n\t\t\t\t<div class=\"elementor-element elementor-element-e0e1893 elementor-widget elementor-widget-heading\" data-id=\"e0e1893\" data-element_type=\"widget\" data-widget_type=\"heading.default\">\n\t\t\t\t<div class=\"elementor-widget-container\">\n\t\t\t\t\t<h3 class=\"elementor-heading-title elementor-size-default\">Porte-vitre int\u00e9rieur<\/h3>\t\t\t\t<\/div>\n\t\t\t\t<\/div>\n\t\t\t\t<div class=\"elementor-element elementor-element-7458f52 elementor-widget elementor-widget-text-editor\" data-id=\"7458f52\" data-element_type=\"widget\" data-widget_type=\"text-editor.default\">\n\t\t\t\t<div class=\"elementor-widget-container\">\n\t\t\t\t\t\t\t\t\t<ul><li>Enti\u00e8rement en aluminium<\/li><li>Caoutchouc vertical et horizontal<\/li><li>Les longs profil\u00e9s peuvent \u00eatre rang\u00e9s derri\u00e8re la galerie<\/li><li>Id\u00e9al combin\u00e9 \u00e0 des baguettes verticales<\/li><\/ul>\t\t\t\t\t\t\t\t<\/div>\n\t\t\t\t<\/div>\n\t\t\t\t\t<\/div>\n\t\t<\/div>\n\t\t\t\t<div class=\"elementor-column elementor-col-25 elementor-top-column elementor-element elementor-element-a400f44\" data-id=\"a400f44\" data-element_type=\"column\">\n\t\t\t<div class=\"elementor-widget-wrap\">\n\t\t\t\t\t\t\t<\/div>\n\t\t<\/div>\n\t\t\t\t\t<\/div>\n\t\t<\/section>\n\t\t\t\t<\/div>","protected":false},"excerpt":{"rendered":"<p>Glasrek binnenzijde Previous Next Glasrek binnenzijde Volledig in aluminium Rubber zowel verticaal als horizontaal Lange profielen kunnen achter het rek opgeborgen worden Ideaal in combinatie met verticale stokken<\/p>","protected":false},"author":3,"featured_media":0,"parent":55,"menu_order":0,"comment_status":"closed","ping_status":"closed","template":"","meta":{"_exactmetrics_skip_tracking":false,"_exactmetrics_sitenote_active":false,"_exactmetrics_sitenote_note":"","_exactmetrics_sitenote_category":0,"site-sidebar-layout":"no-sidebar","site-content-layout":"page-builder","ast-site-content-layout":"default","site-content-style":"default","site-sidebar-style":"default","ast-global-header-display":"","ast-banner-title-visibility":"","ast-main-header-display":"","ast-hfb-above-header-display":"","ast-hfb-below-header-display":"","ast-hfb-mobile-header-display":"","site-post-title":"disabled","ast-breadcrumbs-content":"","ast-featured-img":"disabled","footer-sml-layout":"","theme-transparent-header-meta":"disabled","adv-header-id-meta":"","stick-header-meta":"default","header-above-stick-meta":"","header-main-stick-meta":"","header-below-stick-meta":"","astra-migrate-meta-layouts":"default","ast-page-background-enabled":"default","ast-page-background-meta":{"desktop":{"background-color":"","background-image":"","background-repeat":"repeat","background-position":"center center","background-size":"auto","background-attachment":"scroll","background-type":"","background-media":"","overlay-type":"","overlay-color":"","overlay-opacity":"","overlay-gradient":""},"tablet":{"background-color":"","background-image":"","background-repeat":"repeat","background-position":"center center","background-size":"auto","background-attachment":"scroll","background-type":"","background-media":"","overlay-type":"","overlay-color":"","overlay-opacity":"","overlay-gradient":""},"mobile":{"background-color":"","background-image":"","background-repeat":"repeat","background-position":"center center","background-size":"auto","background-attachment":"scroll","background-type":"","background-media":"","overlay-type":"","overlay-color":"","overlay-opacity":"","overlay-gradient":""}},"ast-content-background-meta":{"desktop":{"background-color":"var(--ast-global-color-5)","background-image":"","background-repeat":"repeat","background-position":"center center","background-size":"auto","background-attachment":"scroll","background-type":"","background-media":"","overlay-type":"","overlay-color":"","overlay-opacity":"","overlay-gradient":""},"tablet":{"background-color":"var(--ast-global-color-5)","background-image":"","background-repeat":"repeat","background-position":"center center","background-size":"auto","background-attachment":"scroll","background-type":"","background-media":"","overlay-type":"","overlay-color":"","overlay-opacity":"","overlay-gradient":""},"mobile":{"background-color":"var(--ast-global-color-5)","background-image":"","background-repeat":"repeat","background-position":"center center","background-size":"auto","background-attachment":"scroll","background-type":"","background-media":"","overlay-type":"","overlay-color":"","overlay-opacity":"","overlay-gradient":""}},"footnotes":""},"class_list":["post-213","page","type-page","status-publish","hentry"],"yoast_head":"<!-- This site is optimized with the Yoast SEO plugin v26.4 - https:\/\/yoast.com\/wordpress\/plugins\/seo\/ -->\n<title>Glasrek Binnenzijde &#8211; HEROMA<\/title>\n<meta name=\"robots\" content=\"index, follow, max-snippet:-1, max-image-preview:large, max-video-preview:-1\" \/>\n<link rel=\"canonical\" href=\"https:\/\/www.heroma.be\/fr\/producten\/glasrek-binnenzijde\/\" \/>\n<meta property=\"og:locale\" content=\"fr_FR\" \/>\n<meta property=\"og:type\" content=\"article\" \/>\n<meta property=\"og:title\" content=\"Glasrek Binnenzijde &#8211; HEROMA\" \/>\n<meta property=\"og:description\" content=\"Glasrek binnenzijde Previous Next Glasrek binnenzijde Volledig in aluminium Rubber zowel verticaal als horizontaal Lange profielen kunnen achter het rek opgeborgen worden Ideaal in combinatie met verticale stokken\" \/>\n<meta property=\"og:url\" content=\"https:\/\/www.heroma.be\/fr\/producten\/glasrek-binnenzijde\/\" \/>\n<meta property=\"og:site_name\" content=\"HEROMA\" \/>\n<meta property=\"article:publisher\" content=\"https:\/\/www.facebook.com\/bvbaheroma\" \/>\n<meta property=\"article:modified_time\" content=\"2020-05-28T11:57:15+00:00\" \/>\n<meta name=\"twitter:card\" content=\"summary_large_image\" \/>\n<script type=\"application\/ld+json\" class=\"yoast-schema-graph\">{\"@context\":\"https:\/\/schema.org\",\"@graph\":[{\"@type\":\"WebPage\",\"@id\":\"https:\/\/www.heroma.be\/producten\/glasrek-binnenzijde\/\",\"url\":\"https:\/\/www.heroma.be\/producten\/glasrek-binnenzijde\/\",\"name\":\"Glasrek Binnenzijde &#8211; HEROMA\",\"isPartOf\":{\"@id\":\"https:\/\/www.heroma.be\/#website\"},\"datePublished\":\"2020-03-03T09:15:13+00:00\",\"dateModified\":\"2020-05-28T11:57:15+00:00\",\"breadcrumb\":{\"@id\":\"https:\/\/www.heroma.be\/producten\/glasrek-binnenzijde\/#breadcrumb\"},\"inLanguage\":\"fr-BE\",\"potentialAction\":[{\"@type\":\"ReadAction\",\"target\":[\"https:\/\/www.heroma.be\/producten\/glasrek-binnenzijde\/\"]}]},{\"@type\":\"BreadcrumbList\",\"@id\":\"https:\/\/www.heroma.be\/producten\/glasrek-binnenzijde\/#breadcrumb\",\"itemListElement\":[{\"@type\":\"ListItem\",\"position\":1,\"name\":\"Home\",\"item\":\"https:\/\/www.heroma.be\/\"},{\"@type\":\"ListItem\",\"position\":2,\"name\":\"Producten\",\"item\":\"https:\/\/www.heroma.be\/producten\/\"},{\"@type\":\"ListItem\",\"position\":3,\"name\":\"Glasrek Binnenzijde\"}]},{\"@type\":\"WebSite\",\"@id\":\"https:\/\/www.heroma.be\/#website\",\"url\":\"https:\/\/www.heroma.be\/\",\"name\":\"HEROMA\",\"description\":\"Inrichting op maat van uw bedrijfswagen\",\"publisher\":{\"@id\":\"https:\/\/www.heroma.be\/#organization\"},\"potentialAction\":[{\"@type\":\"SearchAction\",\"target\":{\"@type\":\"EntryPoint\",\"urlTemplate\":\"https:\/\/www.heroma.be\/?s={search_term_string}\"},\"query-input\":{\"@type\":\"PropertyValueSpecification\",\"valueRequired\":true,\"valueName\":\"search_term_string\"}}],\"inLanguage\":\"fr-BE\"},{\"@type\":\"Organization\",\"@id\":\"https:\/\/www.heroma.be\/#organization\",\"name\":\"HEROMA BVBA\",\"url\":\"https:\/\/www.heroma.be\/\",\"logo\":{\"@type\":\"ImageObject\",\"inLanguage\":\"fr-BE\",\"@id\":\"https:\/\/www.heroma.be\/#\/schema\/logo\/image\/\",\"url\":\"https:\/\/www.heroma.be\/wp-content\/uploads\/2020\/03\/Heroma-Logo.png\",\"contentUrl\":\"https:\/\/www.heroma.be\/wp-content\/uploads\/2020\/03\/Heroma-Logo.png\",\"width\":717,\"height\":260,\"caption\":\"HEROMA BVBA\"},\"image\":{\"@id\":\"https:\/\/www.heroma.be\/#\/schema\/logo\/image\/\"},\"sameAs\":[\"https:\/\/www.facebook.com\/bvbaheroma\",\"https:\/\/www.youtube.com\/channel\/UCqa9eMZ3LypUgSdGsG4lPsA\"]}]}<\/script>\n<!-- \/ Yoast SEO plugin. -->","yoast_head_json":{"title":"Glasrek Binnenzijde &#8211; HEROMA","robots":{"index":"index","follow":"follow","max-snippet":"max-snippet:-1","max-image-preview":"max-image-preview:large","max-video-preview":"max-video-preview:-1"},"canonical":"https:\/\/www.heroma.be\/fr\/producten\/glasrek-binnenzijde\/","og_locale":"fr_FR","og_type":"article","og_title":"Glasrek Binnenzijde &#8211; HEROMA","og_description":"Glasrek binnenzijde Previous Next Glasrek binnenzijde Volledig in aluminium Rubber zowel verticaal als horizontaal Lange profielen kunnen achter het rek opgeborgen worden Ideaal in combinatie met verticale stokken","og_url":"https:\/\/www.heroma.be\/fr\/producten\/glasrek-binnenzijde\/","og_site_name":"HEROMA","article_publisher":"https:\/\/www.facebook.com\/bvbaheroma","article_modified_time":"2020-05-28T11:57:15+00:00","twitter_card":"summary_large_image","schema":{"@context":"https:\/\/schema.org","@graph":[{"@type":"WebPage","@id":"https:\/\/www.heroma.be\/producten\/glasrek-binnenzijde\/","url":"https:\/\/www.heroma.be\/producten\/glasrek-binnenzijde\/","name":"Glasrek Binnenzijde &#8211; HEROMA","isPartOf":{"@id":"https:\/\/www.heroma.be\/#website"},"datePublished":"2020-03-03T09:15:13+00:00","dateModified":"2020-05-28T11:57:15+00:00","breadcrumb":{"@id":"https:\/\/www.heroma.be\/producten\/glasrek-binnenzijde\/#breadcrumb"},"inLanguage":"fr-BE","potentialAction":[{"@type":"ReadAction","target":["https:\/\/www.heroma.be\/producten\/glasrek-binnenzijde\/"]}]},{"@type":"BreadcrumbList","@id":"https:\/\/www.heroma.be\/producten\/glasrek-binnenzijde\/#breadcrumb","itemListElement":[{"@type":"ListItem","position":1,"name":"Home","item":"https:\/\/www.heroma.be\/"},{"@type":"ListItem","position":2,"name":"Producten","item":"https:\/\/www.heroma.be\/producten\/"},{"@type":"ListItem","position":3,"name":"Glasrek Binnenzijde"}]},{"@type":"WebSite","@id":"https:\/\/www.heroma.be\/#website","url":"https:\/\/www.heroma.be\/","name":"HEROMA","description":"Am\u00e9nagement adapt\u00e9 \u00e0 votre v\u00e9hicule utilitaire","publisher":{"@id":"https:\/\/www.heroma.be\/#organization"},"potentialAction":[{"@type":"SearchAction","target":{"@type":"EntryPoint","urlTemplate":"https:\/\/www.heroma.be\/?s={search_term_string}"},"query-input":{"@type":"PropertyValueSpecification","valueRequired":true,"valueName":"search_term_string"}}],"inLanguage":"fr-BE"},{"@type":"Organization","@id":"https:\/\/www.heroma.be\/#organization","name":"HEROMA BVBA","url":"https:\/\/www.heroma.be\/","logo":{"@type":"ImageObject","inLanguage":"fr-BE","@id":"https:\/\/www.heroma.be\/#\/schema\/logo\/image\/","url":"https:\/\/www.heroma.be\/wp-content\/uploads\/2020\/03\/Heroma-Logo.png","contentUrl":"https:\/\/www.heroma.be\/wp-content\/uploads\/2020\/03\/Heroma-Logo.png","width":717,"height":260,"caption":"HEROMA BVBA"},"image":{"@id":"https:\/\/www.heroma.be\/#\/schema\/logo\/image\/"},"sameAs":["https:\/\/www.facebook.com\/bvbaheroma","https:\/\/www.youtube.com\/channel\/UCqa9eMZ3LypUgSdGsG4lPsA"]}]}},"_links":{"self":[{"href":"https:\/\/www.heroma.be\/fr\/wp-json\/wp\/v2\/pages\/213","targetHints":{"allow":["GET"]}}],"collection":[{"href":"https:\/\/www.heroma.be\/fr\/wp-json\/wp\/v2\/pages"}],"about":[{"href":"https:\/\/www.heroma.be\/fr\/wp-json\/wp\/v2\/types\/page"}],"author":[{"embeddable":true,"href":"https:\/\/www.heroma.be\/fr\/wp-json\/wp\/v2\/users\/3"}],"replies":[{"embeddable":true,"href":"https:\/\/www.heroma.be\/fr\/wp-json\/wp\/v2\/comments?post=213"}],"version-history":[{"count":5,"href":"https:\/\/www.heroma.be\/fr\/wp-json\/wp\/v2\/pages\/213\/revisions"}],"predecessor-version":[{"id":1330,"href":"https:\/\/www.heroma.be\/fr\/wp-json\/wp\/v2\/pages\/213\/revisions\/1330"}],"up":[{"embeddable":true,"href":"https:\/\/www.heroma.be\/fr\/wp-json\/wp\/v2\/pages\/55"}],"wp:attachment":[{"href":"https:\/\/www.heroma.be\/fr\/wp-json\/wp\/v2\/media?parent=213"}],"curies":[{"name":"wp","href":"https:\/\/api.w.org\/{rel}","templated":true}]}}