{"id":297,"date":"2020-03-03T10:15:23","date_gmt":"2020-03-03T10:15:23","guid":{"rendered":"https:\/\/www.heroma.be\/?page_id=297"},"modified":"2020-03-03T10:19:50","modified_gmt":"2020-03-03T10:19:50","slug":"ventilatie","status":"publish","type":"page","link":"https:\/\/www.heroma.be\/fr\/producten\/ventilatie\/","title":{"rendered":"Ventilation"},"content":{"rendered":"<div data-elementor-type=\"wp-page\" data-elementor-id=\"297\" class=\"elementor elementor-297\" data-elementor-post-type=\"page\">\n\t\t\t\t\t\t<section class=\"elementor-section elementor-top-section elementor-element elementor-element-52395da3 elementor-section-boxed elementor-section-height-default elementor-section-height-default\" data-id=\"52395da3\" data-element_type=\"section\" data-settings=\"{&quot;background_background&quot;:&quot;classic&quot;,&quot;shape_divider_bottom&quot;:&quot;book&quot;}\">\n\t\t\t\t\t<div class=\"elementor-shape elementor-shape-bottom\" aria-hidden=\"true\" data-negative=\"false\">\n\t\t\t<svg xmlns=\"http:\/\/www.w3.org\/2000\/svg\" viewbox=\"0 0 1000 100\" preserveaspectratio=\"none\">\n\t<path class=\"elementor-shape-fill\" d=\"M194,99c186.7,0.7,305-78.3,306-97.2c1,18.9,119.3,97.9,306,97.2c114.3-0.3,194,0.3,194,0.3s0-91.7,0-100c0,0,0,0,0-0 L0,0v99.3C0,99.3,79.7,98.7,194,99z\"\/>\n<\/svg>\t\t<\/div>\n\t\t\t\t\t<div class=\"elementor-container elementor-column-gap-default\">\n\t\t\t\t\t<div class=\"elementor-column elementor-col-100 elementor-top-column elementor-element elementor-element-7f68841f\" data-id=\"7f68841f\" data-element_type=\"column\">\n\t\t\t<div class=\"elementor-widget-wrap elementor-element-populated\">\n\t\t\t\t\t\t<div class=\"elementor-element elementor-element-5482f691 elementor-widget elementor-widget-heading\" data-id=\"5482f691\" data-element_type=\"widget\" data-widget_type=\"heading.default\">\n\t\t\t\t<div class=\"elementor-widget-container\">\n\t\t\t\t\t<h2 class=\"elementor-heading-title elementor-size-default\">Ventilation<\/h2>\t\t\t\t<\/div>\n\t\t\t\t<\/div>\n\t\t\t\t<div class=\"elementor-element elementor-element-5886fc89 elementor-widget-divider--view-line elementor-widget elementor-widget-divider\" data-id=\"5886fc89\" data-element_type=\"widget\" data-widget_type=\"divider.default\">\n\t\t\t\t<div class=\"elementor-widget-container\">\n\t\t\t\t\t\t\t<div class=\"elementor-divider\">\n\t\t\t<span class=\"elementor-divider-separator\">\n\t\t\t\t\t\t<\/span>\n\t\t<\/div>\n\t\t\t\t\t\t<\/div>\n\t\t\t\t<\/div>\n\t\t\t\t\t<\/div>\n\t\t<\/div>\n\t\t\t\t\t<\/div>\n\t\t<\/section>\n\t\t\t\t<section class=\"elementor-section elementor-top-section elementor-element elementor-element-8748c30 elementor-section-boxed elementor-section-height-default elementor-section-height-default\" data-id=\"8748c30\" data-element_type=\"section\">\n\t\t\t\t\t\t<div class=\"elementor-container elementor-column-gap-wider\">\n\t\t\t\t\t<div class=\"elementor-column elementor-col-50 elementor-top-column elementor-element elementor-element-3597bbd\" data-id=\"3597bbd\" data-element_type=\"column\">\n\t\t\t<div class=\"elementor-widget-wrap elementor-element-populated\">\n\t\t\t\t\t\t<div class=\"elementor-element elementor-element-fffda17 elementor-widget elementor-widget-image\" data-id=\"fffda17\" data-element_type=\"widget\" data-widget_type=\"image.default\">\n\t\t\t\t<div class=\"elementor-widget-container\">\n\t\t\t\t\t\t\t\t\t\t\t\t\t\t\t\t<a href=\"https:\/\/www.heroma.be\/wp-content\/uploads\/2020\/03\/Ventilatie_01.jpg\" data-elementor-open-lightbox=\"yes\" data-e-action-hash=\"#elementor-action%3Aaction%3Dlightbox%26settings%3DeyJpZCI6Mjk5LCJ1cmwiOiJodHRwczpcL1wvd3d3Lmhlcm9tYS5iZVwvd3AtY29udGVudFwvdXBsb2Fkc1wvMjAyMFwvMDNcL1ZlbnRpbGF0aWVfMDEuanBnIn0%3D\">\n\t\t\t\t\t\t\t<img decoding=\"async\" data-src=\"https:\/\/www.heroma.be\/wp-content\/uploads\/elementor\/thumbs\/Ventilatie_01-om8nlfbutc0fneuv2nz1j0hhlib84r4tihrle3qm4o.jpg\" title=\"Heroma Ventilatie\" alt=\"Heroma Ventilatie\" src=\"data:image\/svg+xml;base64,PHN2ZyB3aWR0aD0iMSIgaGVpZ2h0PSIxIiB4bWxucz0iaHR0cDovL3d3dy53My5vcmcvMjAwMC9zdmciPjwvc3ZnPg==\" class=\"lazyload\" style=\"--smush-placeholder-width: 1000px; --smush-placeholder-aspect-ratio: 1000\/500;\" \/>\t\t\t\t\t\t\t\t<\/a>\n\t\t\t\t\t\t\t\t\t\t\t\t\t\t\t<\/div>\n\t\t\t\t<\/div>\n\t\t\t\t<div class=\"elementor-element elementor-element-e0e1893 elementor-widget elementor-widget-heading\" data-id=\"e0e1893\" data-element_type=\"widget\" data-widget_type=\"heading.default\">\n\t\t\t\t<div class=\"elementor-widget-container\">\n\t\t\t\t\t<h3 class=\"elementor-heading-title elementor-size-default\">Ventilation fixe<\/h3>\t\t\t\t<\/div>\n\t\t\t\t<\/div>\n\t\t\t\t<div class=\"elementor-element elementor-element-7458f52 elementor-widget elementor-widget-text-editor\" data-id=\"7458f52\" data-element_type=\"widget\" data-widget_type=\"text-editor.default\">\n\t\t\t\t<div class=\"elementor-widget-container\">\n\t\t\t\t\t\t\t\t\t<ul><li>Le d\u00e9placement du v\u00e9hicule provoque l\u2019aspiration de l\u2019air hors du v\u00e9hicule<\/li><li>Avec grille int\u00e9rieure<\/li><\/ul>\t\t\t\t\t\t\t\t<\/div>\n\t\t\t\t<\/div>\n\t\t\t\t\t<\/div>\n\t\t<\/div>\n\t\t\t\t<div class=\"elementor-column elementor-col-50 elementor-top-column elementor-element elementor-element-21d12e2\" data-id=\"21d12e2\" data-element_type=\"column\">\n\t\t\t<div class=\"elementor-widget-wrap elementor-element-populated\">\n\t\t\t\t\t\t<div class=\"elementor-element elementor-element-70b5be1 elementor-widget elementor-widget-image\" data-id=\"70b5be1\" data-element_type=\"widget\" data-widget_type=\"image.default\">\n\t\t\t\t<div class=\"elementor-widget-container\">\n\t\t\t\t\t\t\t\t\t\t\t\t\t\t\t\t<a href=\"https:\/\/www.heroma.be\/wp-content\/uploads\/2020\/03\/Ventilatie_02.jpg\" data-elementor-open-lightbox=\"yes\" data-e-action-hash=\"#elementor-action%3Aaction%3Dlightbox%26settings%3DeyJpZCI6MzAwLCJ1cmwiOiJodHRwczpcL1wvd3d3Lmhlcm9tYS5iZVwvd3AtY29udGVudFwvdXBsb2Fkc1wvMjAyMFwvMDNcL1ZlbnRpbGF0aWVfMDIuanBnIn0%3D\">\n\t\t\t\t\t\t\t<img decoding=\"async\" data-src=\"https:\/\/www.heroma.be\/wp-content\/uploads\/elementor\/thumbs\/Ventilatie_02-om8nlfbutc0fneuv2nz1j0hhlib84r4tihrle3qm4o.jpg\" title=\"Heroma Ventilatie\" alt=\"Heroma Ventilatie\" src=\"data:image\/svg+xml;base64,PHN2ZyB3aWR0aD0iMSIgaGVpZ2h0PSIxIiB4bWxucz0iaHR0cDovL3d3dy53My5vcmcvMjAwMC9zdmciPjwvc3ZnPg==\" class=\"lazyload\" style=\"--smush-placeholder-width: 1000px; --smush-placeholder-aspect-ratio: 1000\/500;\" \/>\t\t\t\t\t\t\t\t<\/a>\n\t\t\t\t\t\t\t\t\t\t\t\t\t\t\t<\/div>\n\t\t\t\t<\/div>\n\t\t\t\t<div class=\"elementor-element elementor-element-e141e69 elementor-widget elementor-widget-heading\" data-id=\"e141e69\" data-element_type=\"widget\" data-widget_type=\"heading.default\">\n\t\t\t\t<div class=\"elementor-widget-container\">\n\t\t\t\t\t<h3 class=\"elementor-heading-title elementor-size-default\">Ventilation pivotante<\/h3>\t\t\t\t<\/div>\n\t\t\t\t<\/div>\n\t\t\t\t<div class=\"elementor-element elementor-element-670849d elementor-widget elementor-widget-text-editor\" data-id=\"670849d\" data-element_type=\"widget\" data-widget_type=\"text-editor.default\">\n\t\t\t\t<div class=\"elementor-widget-container\">\n\t\t\t\t\t\t\t\t\t<ul><li>Le vent met le moulinet du ventilateur en mouvement et assure ainsi la circulation<\/li><li>Avec grille int\u00e9rieure<\/li><\/ul>\t\t\t\t\t\t\t\t<\/div>\n\t\t\t\t<\/div>\n\t\t\t\t\t<\/div>\n\t\t<\/div>\n\t\t\t\t\t<\/div>\n\t\t<\/section>\n\t\t\t\t<section class=\"elementor-section elementor-top-section elementor-element elementor-element-f0fd62a elementor-section-boxed elementor-section-height-default elementor-section-height-default\" data-id=\"f0fd62a\" data-element_type=\"section\">\n\t\t\t\t\t\t<div class=\"elementor-container elementor-column-gap-wider\">\n\t\t\t\t\t<div class=\"elementor-column elementor-col-50 elementor-top-column elementor-element elementor-element-f882310\" data-id=\"f882310\" data-element_type=\"column\">\n\t\t\t<div class=\"elementor-widget-wrap elementor-element-populated\">\n\t\t\t\t\t\t<div class=\"elementor-element elementor-element-4d5deb7 elementor-widget elementor-widget-image\" data-id=\"4d5deb7\" data-element_type=\"widget\" data-widget_type=\"image.default\">\n\t\t\t\t<div class=\"elementor-widget-container\">\n\t\t\t\t\t\t\t\t\t\t\t\t\t\t\t\t<a href=\"https:\/\/www.heroma.be\/wp-content\/uploads\/2020\/03\/14_03.jpg\" data-elementor-open-lightbox=\"yes\" data-e-action-hash=\"#elementor-action%3Aaction%3Dlightbox%26settings%3DeyJpZCI6MzA0LCJ1cmwiOiJodHRwczpcL1wvd3d3Lmhlcm9tYS5iZVwvd3AtY29udGVudFwvdXBsb2Fkc1wvMjAyMFwvMDNcLzE0XzAzLmpwZyJ9\">\n\t\t\t\t\t\t\t<img decoding=\"async\" data-src=\"https:\/\/www.heroma.be\/wp-content\/uploads\/elementor\/thumbs\/14_03-om8nlfbutc0fneuv2nz1j0hhlib84r4tihrle3qm4o.jpg\" title=\"Heroma Ventilatie\" alt=\"Heroma Ventilatie\" src=\"data:image\/svg+xml;base64,PHN2ZyB3aWR0aD0iMSIgaGVpZ2h0PSIxIiB4bWxucz0iaHR0cDovL3d3dy53My5vcmcvMjAwMC9zdmciPjwvc3ZnPg==\" class=\"lazyload\" style=\"--smush-placeholder-width: 1000px; --smush-placeholder-aspect-ratio: 1000\/500;\" \/>\t\t\t\t\t\t\t\t<\/a>\n\t\t\t\t\t\t\t\t\t\t\t\t\t\t\t<\/div>\n\t\t\t\t<\/div>\n\t\t\t\t<div class=\"elementor-element elementor-element-baf0bc7 elementor-widget elementor-widget-heading\" data-id=\"baf0bc7\" data-element_type=\"widget\" data-widget_type=\"heading.default\">\n\t\t\t\t<div class=\"elementor-widget-container\">\n\t\t\t\t\t<h3 class=\"elementor-heading-title elementor-size-default\">Ventilateur \u00e9lectrique<\/h3>\t\t\t\t<\/div>\n\t\t\t\t<\/div>\n\t\t\t\t<div class=\"elementor-element elementor-element-2bdb4c2 elementor-widget elementor-widget-text-editor\" data-id=\"2bdb4c2\" data-element_type=\"widget\" data-widget_type=\"text-editor.default\">\n\t\t\t\t<div class=\"elementor-widget-container\">\n\t\t\t\t\t\t\t\t\t<ul><li>Peut extraire l\u2019air et le diffuser \u00e0 l\u2019int\u00e9rieur<\/li><li>Version 12V ou 24V<\/li><li>Avec rosace int\u00e9rieure<\/li><\/ul>\t\t\t\t\t\t\t\t<\/div>\n\t\t\t\t<\/div>\n\t\t\t\t\t<\/div>\n\t\t<\/div>\n\t\t\t\t<div class=\"elementor-column elementor-col-50 elementor-top-column elementor-element elementor-element-c44dc15\" data-id=\"c44dc15\" data-element_type=\"column\">\n\t\t\t<div class=\"elementor-widget-wrap elementor-element-populated\">\n\t\t\t\t\t\t<div class=\"elementor-element elementor-element-ed2b32a elementor-widget elementor-widget-image\" data-id=\"ed2b32a\" data-element_type=\"widget\" data-widget_type=\"image.default\">\n\t\t\t\t<div class=\"elementor-widget-container\">\n\t\t\t\t\t\t\t\t\t\t\t\t\t\t\t\t<a href=\"https:\/\/www.heroma.be\/wp-content\/uploads\/2020\/03\/04-Vloerventilatie02.jpg\" data-elementor-open-lightbox=\"yes\" data-e-action-hash=\"#elementor-action%3Aaction%3Dlightbox%26settings%3DeyJpZCI6MzAyLCJ1cmwiOiJodHRwczpcL1wvd3d3Lmhlcm9tYS5iZVwvd3AtY29udGVudFwvdXBsb2Fkc1wvMjAyMFwvMDNcLzA0LVZsb2VydmVudGlsYXRpZTAyLmpwZyJ9\">\n\t\t\t\t\t\t\t<img decoding=\"async\" data-src=\"https:\/\/www.heroma.be\/wp-content\/uploads\/elementor\/thumbs\/04-Vloerventilatie02-om8nlfbutc0fneuv2nz1j0hhlib84r4tihrle3qm4o.jpg\" title=\"Heroma Ventilatie\" alt=\"Heroma Ventilatie\" src=\"data:image\/svg+xml;base64,PHN2ZyB3aWR0aD0iMSIgaGVpZ2h0PSIxIiB4bWxucz0iaHR0cDovL3d3dy53My5vcmcvMjAwMC9zdmciPjwvc3ZnPg==\" class=\"lazyload\" style=\"--smush-placeholder-width: 1000px; --smush-placeholder-aspect-ratio: 1000\/500;\" \/>\t\t\t\t\t\t\t\t<\/a>\n\t\t\t\t\t\t\t\t\t\t\t\t\t\t\t<\/div>\n\t\t\t\t<\/div>\n\t\t\t\t<div class=\"elementor-element elementor-element-2d16505 elementor-widget elementor-widget-heading\" data-id=\"2d16505\" data-element_type=\"widget\" data-widget_type=\"heading.default\">\n\t\t\t\t<div class=\"elementor-widget-container\">\n\t\t\t\t\t<h3 class=\"elementor-heading-title elementor-size-default\">Ventilation dans le plancher<\/h3>\t\t\t\t<\/div>\n\t\t\t\t<\/div>\n\t\t\t\t<div class=\"elementor-element elementor-element-a81f21c elementor-widget elementor-widget-text-editor\" data-id=\"a81f21c\" data-element_type=\"widget\" data-widget_type=\"text-editor.default\">\n\t\t\t\t<div class=\"elementor-widget-container\">\n\t\t\t\t\t\t\t\t\t<ul><li>Encastr\u00e9e dans le plancher<\/li><\/ul>\t\t\t\t\t\t\t\t<\/div>\n\t\t\t\t<\/div>\n\t\t\t\t\t<\/div>\n\t\t<\/div>\n\t\t\t\t\t<\/div>\n\t\t<\/section>\n\t\t\t\t<\/div>","protected":false},"excerpt":{"rendered":"<p>Ventilatie Vaste ventilatie Rijwind zuigt lucht uit het voertuig Met binnenrooster Roterende ventilatie De wind zet het ventilatiemolentje in beweging en zorgt zo voor circulatie Met binnenrooster Elektrische ventilator Kan zowel lucht afzuigen als binnen blazen Uitvoering in 12V of 24V Met binnenrozet Vloerventilatie In de vloer ingewerkt<\/p>","protected":false},"author":3,"featured_media":0,"parent":55,"menu_order":0,"comment_status":"closed","ping_status":"closed","template":"","meta":{"_exactmetrics_skip_tracking":false,"_exactmetrics_sitenote_active":false,"_exactmetrics_sitenote_note":"","_exactmetrics_sitenote_category":0,"site-sidebar-layout":"no-sidebar","site-content-layout":"page-builder","ast-site-content-layout":"default","site-content-style":"default","site-sidebar-style":"default","ast-global-header-display":"","ast-banner-title-visibility":"","ast-main-header-display":"","ast-hfb-above-header-display":"","ast-hfb-below-header-display":"","ast-hfb-mobile-header-display":"","site-post-title":"disabled","ast-breadcrumbs-content":"","ast-featured-img":"disabled","footer-sml-layout":"","theme-transparent-header-meta":"disabled","adv-header-id-meta":"","stick-header-meta":"default","header-above-stick-meta":"","header-main-stick-meta":"","header-below-stick-meta":"","astra-migrate-meta-layouts":"default","ast-page-background-enabled":"default","ast-page-background-meta":{"desktop":{"background-color":"","background-image":"","background-repeat":"repeat","background-position":"center center","background-size":"auto","background-attachment":"scroll","background-type":"","background-media":"","overlay-type":"","overlay-color":"","overlay-opacity":"","overlay-gradient":""},"tablet":{"background-color":"","background-image":"","background-repeat":"repeat","background-position":"center center","background-size":"auto","background-attachment":"scroll","background-type":"","background-media":"","overlay-type":"","overlay-color":"","overlay-opacity":"","overlay-gradient":""},"mobile":{"background-color":"","background-image":"","background-repeat":"repeat","background-position":"center center","background-size":"auto","background-attachment":"scroll","background-type":"","background-media":"","overlay-type":"","overlay-color":"","overlay-opacity":"","overlay-gradient":""}},"ast-content-background-meta":{"desktop":{"background-color":"var(--ast-global-color-5)","background-image":"","background-repeat":"repeat","background-position":"center center","background-size":"auto","background-attachment":"scroll","background-type":"","background-media":"","overlay-type":"","overlay-color":"","overlay-opacity":"","overlay-gradient":""},"tablet":{"background-color":"var(--ast-global-color-5)","background-image":"","background-repeat":"repeat","background-position":"center center","background-size":"auto","background-attachment":"scroll","background-type":"","background-media":"","overlay-type":"","overlay-color":"","overlay-opacity":"","overlay-gradient":""},"mobile":{"background-color":"var(--ast-global-color-5)","background-image":"","background-repeat":"repeat","background-position":"center center","background-size":"auto","background-attachment":"scroll","background-type":"","background-media":"","overlay-type":"","overlay-color":"","overlay-opacity":"","overlay-gradient":""}},"footnotes":""},"class_list":["post-297","page","type-page","status-publish","hentry"],"yoast_head":"<!-- This site is optimized with the Yoast SEO plugin v26.4 - https:\/\/yoast.com\/wordpress\/plugins\/seo\/ -->\n<title>Ventilatie &#8211; HEROMA<\/title>\n<meta name=\"robots\" content=\"index, follow, max-snippet:-1, max-image-preview:large, max-video-preview:-1\" \/>\n<link rel=\"canonical\" href=\"https:\/\/www.heroma.be\/fr\/producten\/ventilatie\/\" \/>\n<meta property=\"og:locale\" content=\"fr_FR\" \/>\n<meta property=\"og:type\" content=\"article\" \/>\n<meta property=\"og:title\" content=\"Ventilatie &#8211; HEROMA\" \/>\n<meta property=\"og:description\" content=\"Ventilatie Vaste ventilatie Rijwind zuigt lucht uit het voertuig Met binnenrooster Roterende ventilatie De wind zet het ventilatiemolentje in beweging en zorgt zo voor circulatie Met binnenrooster Elektrische ventilator Kan zowel lucht afzuigen als binnen blazen Uitvoering in 12V of 24V Met binnenrozet Vloerventilatie In de vloer ingewerkt\" \/>\n<meta property=\"og:url\" content=\"https:\/\/www.heroma.be\/fr\/producten\/ventilatie\/\" \/>\n<meta property=\"og:site_name\" content=\"HEROMA\" \/>\n<meta property=\"article:publisher\" content=\"https:\/\/www.facebook.com\/bvbaheroma\" \/>\n<meta property=\"article:modified_time\" content=\"2020-03-03T10:19:50+00:00\" \/>\n<meta property=\"og:image\" content=\"https:\/\/www.heroma.be\/wp-content\/uploads\/elementor\/thumbs\/Ventilatie_01-om0rvtyv7sdf34o6aa82ovm5d9ta84vjlwee6r3hfs.jpg\" \/>\n<meta name=\"twitter:card\" content=\"summary_large_image\" \/>\n<script type=\"application\/ld+json\" class=\"yoast-schema-graph\">{\"@context\":\"https:\/\/schema.org\",\"@graph\":[{\"@type\":\"WebPage\",\"@id\":\"https:\/\/www.heroma.be\/producten\/ventilatie\/\",\"url\":\"https:\/\/www.heroma.be\/producten\/ventilatie\/\",\"name\":\"Ventilatie &#8211; HEROMA\",\"isPartOf\":{\"@id\":\"https:\/\/www.heroma.be\/#website\"},\"primaryImageOfPage\":{\"@id\":\"https:\/\/www.heroma.be\/producten\/ventilatie\/#primaryimage\"},\"image\":{\"@id\":\"https:\/\/www.heroma.be\/producten\/ventilatie\/#primaryimage\"},\"thumbnailUrl\":\"https:\/\/www.heroma.be\/wp-content\/uploads\/elementor\/thumbs\/Ventilatie_01-om0rvtyv7sdf34o6aa82ovm5d9ta84vjlwee6r3hfs.jpg\",\"datePublished\":\"2020-03-03T10:15:23+00:00\",\"dateModified\":\"2020-03-03T10:19:50+00:00\",\"breadcrumb\":{\"@id\":\"https:\/\/www.heroma.be\/producten\/ventilatie\/#breadcrumb\"},\"inLanguage\":\"fr-BE\",\"potentialAction\":[{\"@type\":\"ReadAction\",\"target\":[\"https:\/\/www.heroma.be\/producten\/ventilatie\/\"]}]},{\"@type\":\"ImageObject\",\"inLanguage\":\"fr-BE\",\"@id\":\"https:\/\/www.heroma.be\/producten\/ventilatie\/#primaryimage\",\"url\":\"https:\/\/www.heroma.be\/wp-content\/uploads\/elementor\/thumbs\/Ventilatie_01-om0rvtyv7sdf34o6aa82ovm5d9ta84vjlwee6r3hfs.jpg\",\"contentUrl\":\"https:\/\/www.heroma.be\/wp-content\/uploads\/elementor\/thumbs\/Ventilatie_01-om0rvtyv7sdf34o6aa82ovm5d9ta84vjlwee6r3hfs.jpg\"},{\"@type\":\"BreadcrumbList\",\"@id\":\"https:\/\/www.heroma.be\/producten\/ventilatie\/#breadcrumb\",\"itemListElement\":[{\"@type\":\"ListItem\",\"position\":1,\"name\":\"Home\",\"item\":\"https:\/\/www.heroma.be\/\"},{\"@type\":\"ListItem\",\"position\":2,\"name\":\"Producten\",\"item\":\"https:\/\/www.heroma.be\/producten\/\"},{\"@type\":\"ListItem\",\"position\":3,\"name\":\"Ventilatie\"}]},{\"@type\":\"WebSite\",\"@id\":\"https:\/\/www.heroma.be\/#website\",\"url\":\"https:\/\/www.heroma.be\/\",\"name\":\"HEROMA\",\"description\":\"Inrichting op maat van uw bedrijfswagen\",\"publisher\":{\"@id\":\"https:\/\/www.heroma.be\/#organization\"},\"potentialAction\":[{\"@type\":\"SearchAction\",\"target\":{\"@type\":\"EntryPoint\",\"urlTemplate\":\"https:\/\/www.heroma.be\/?s={search_term_string}\"},\"query-input\":{\"@type\":\"PropertyValueSpecification\",\"valueRequired\":true,\"valueName\":\"search_term_string\"}}],\"inLanguage\":\"fr-BE\"},{\"@type\":\"Organization\",\"@id\":\"https:\/\/www.heroma.be\/#organization\",\"name\":\"HEROMA BVBA\",\"url\":\"https:\/\/www.heroma.be\/\",\"logo\":{\"@type\":\"ImageObject\",\"inLanguage\":\"fr-BE\",\"@id\":\"https:\/\/www.heroma.be\/#\/schema\/logo\/image\/\",\"url\":\"https:\/\/www.heroma.be\/wp-content\/uploads\/2020\/03\/Heroma-Logo.png\",\"contentUrl\":\"https:\/\/www.heroma.be\/wp-content\/uploads\/2020\/03\/Heroma-Logo.png\",\"width\":717,\"height\":260,\"caption\":\"HEROMA BVBA\"},\"image\":{\"@id\":\"https:\/\/www.heroma.be\/#\/schema\/logo\/image\/\"},\"sameAs\":[\"https:\/\/www.facebook.com\/bvbaheroma\",\"https:\/\/www.youtube.com\/channel\/UCqa9eMZ3LypUgSdGsG4lPsA\"]}]}<\/script>\n<!-- \/ Yoast SEO plugin. -->","yoast_head_json":{"title":"Ventilatie &#8211; HEROMA","robots":{"index":"index","follow":"follow","max-snippet":"max-snippet:-1","max-image-preview":"max-image-preview:large","max-video-preview":"max-video-preview:-1"},"canonical":"https:\/\/www.heroma.be\/fr\/producten\/ventilatie\/","og_locale":"fr_FR","og_type":"article","og_title":"Ventilatie &#8211; HEROMA","og_description":"Ventilatie Vaste ventilatie Rijwind zuigt lucht uit het voertuig Met binnenrooster Roterende ventilatie De wind zet het ventilatiemolentje in beweging en zorgt zo voor circulatie Met binnenrooster Elektrische ventilator Kan zowel lucht afzuigen als binnen blazen Uitvoering in 12V of 24V Met binnenrozet Vloerventilatie In de vloer ingewerkt","og_url":"https:\/\/www.heroma.be\/fr\/producten\/ventilatie\/","og_site_name":"HEROMA","article_publisher":"https:\/\/www.facebook.com\/bvbaheroma","article_modified_time":"2020-03-03T10:19:50+00:00","og_image":[{"url":"https:\/\/www.heroma.be\/wp-content\/uploads\/elementor\/thumbs\/Ventilatie_01-om0rvtyv7sdf34o6aa82ovm5d9ta84vjlwee6r3hfs.jpg","type":"","width":"","height":""}],"twitter_card":"summary_large_image","schema":{"@context":"https:\/\/schema.org","@graph":[{"@type":"WebPage","@id":"https:\/\/www.heroma.be\/producten\/ventilatie\/","url":"https:\/\/www.heroma.be\/producten\/ventilatie\/","name":"Ventilatie &#8211; HEROMA","isPartOf":{"@id":"https:\/\/www.heroma.be\/#website"},"primaryImageOfPage":{"@id":"https:\/\/www.heroma.be\/producten\/ventilatie\/#primaryimage"},"image":{"@id":"https:\/\/www.heroma.be\/producten\/ventilatie\/#primaryimage"},"thumbnailUrl":"https:\/\/www.heroma.be\/wp-content\/uploads\/elementor\/thumbs\/Ventilatie_01-om0rvtyv7sdf34o6aa82ovm5d9ta84vjlwee6r3hfs.jpg","datePublished":"2020-03-03T10:15:23+00:00","dateModified":"2020-03-03T10:19:50+00:00","breadcrumb":{"@id":"https:\/\/www.heroma.be\/producten\/ventilatie\/#breadcrumb"},"inLanguage":"fr-BE","potentialAction":[{"@type":"ReadAction","target":["https:\/\/www.heroma.be\/producten\/ventilatie\/"]}]},{"@type":"ImageObject","inLanguage":"fr-BE","@id":"https:\/\/www.heroma.be\/producten\/ventilatie\/#primaryimage","url":"https:\/\/www.heroma.be\/wp-content\/uploads\/elementor\/thumbs\/Ventilatie_01-om0rvtyv7sdf34o6aa82ovm5d9ta84vjlwee6r3hfs.jpg","contentUrl":"https:\/\/www.heroma.be\/wp-content\/uploads\/elementor\/thumbs\/Ventilatie_01-om0rvtyv7sdf34o6aa82ovm5d9ta84vjlwee6r3hfs.jpg"},{"@type":"BreadcrumbList","@id":"https:\/\/www.heroma.be\/producten\/ventilatie\/#breadcrumb","itemListElement":[{"@type":"ListItem","position":1,"name":"Home","item":"https:\/\/www.heroma.be\/"},{"@type":"ListItem","position":2,"name":"Producten","item":"https:\/\/www.heroma.be\/producten\/"},{"@type":"ListItem","position":3,"name":"Ventilatie"}]},{"@type":"WebSite","@id":"https:\/\/www.heroma.be\/#website","url":"https:\/\/www.heroma.be\/","name":"HEROMA","description":"Am\u00e9nagement adapt\u00e9 \u00e0 votre v\u00e9hicule utilitaire","publisher":{"@id":"https:\/\/www.heroma.be\/#organization"},"potentialAction":[{"@type":"SearchAction","target":{"@type":"EntryPoint","urlTemplate":"https:\/\/www.heroma.be\/?s={search_term_string}"},"query-input":{"@type":"PropertyValueSpecification","valueRequired":true,"valueName":"search_term_string"}}],"inLanguage":"fr-BE"},{"@type":"Organization","@id":"https:\/\/www.heroma.be\/#organization","name":"HEROMA BVBA","url":"https:\/\/www.heroma.be\/","logo":{"@type":"ImageObject","inLanguage":"fr-BE","@id":"https:\/\/www.heroma.be\/#\/schema\/logo\/image\/","url":"https:\/\/www.heroma.be\/wp-content\/uploads\/2020\/03\/Heroma-Logo.png","contentUrl":"https:\/\/www.heroma.be\/wp-content\/uploads\/2020\/03\/Heroma-Logo.png","width":717,"height":260,"caption":"HEROMA BVBA"},"image":{"@id":"https:\/\/www.heroma.be\/#\/schema\/logo\/image\/"},"sameAs":["https:\/\/www.facebook.com\/bvbaheroma","https:\/\/www.youtube.com\/channel\/UCqa9eMZ3LypUgSdGsG4lPsA"]}]}},"_links":{"self":[{"href":"https:\/\/www.heroma.be\/fr\/wp-json\/wp\/v2\/pages\/297","targetHints":{"allow":["GET"]}}],"collection":[{"href":"https:\/\/www.heroma.be\/fr\/wp-json\/wp\/v2\/pages"}],"about":[{"href":"https:\/\/www.heroma.be\/fr\/wp-json\/wp\/v2\/types\/page"}],"author":[{"embeddable":true,"href":"https:\/\/www.heroma.be\/fr\/wp-json\/wp\/v2\/users\/3"}],"replies":[{"embeddable":true,"href":"https:\/\/www.heroma.be\/fr\/wp-json\/wp\/v2\/comments?post=297"}],"version-history":[{"count":4,"href":"https:\/\/www.heroma.be\/fr\/wp-json\/wp\/v2\/pages\/297\/revisions"}],"predecessor-version":[{"id":306,"href":"https:\/\/www.heroma.be\/fr\/wp-json\/wp\/v2\/pages\/297\/revisions\/306"}],"up":[{"embeddable":true,"href":"https:\/\/www.heroma.be\/fr\/wp-json\/wp\/v2\/pages\/55"}],"wp:attachment":[{"href":"https:\/\/www.heroma.be\/fr\/wp-json\/wp\/v2\/media?parent=297"}],"curies":[{"name":"wp","href":"https:\/\/api.w.org\/{rel}","templated":true}]}}